{"id":318,"date":"2023-09-25T18:50:40","date_gmt":"2023-09-25T16:50:40","guid":{"rendered":"http:\/\/relaunch.bd-process.de\/?page_id=318"},"modified":"2024-05-16T16:32:00","modified_gmt":"2024-05-16T14:32:00","slug":"linatex-kreiselpumpen","status":"publish","type":"page","link":"https:\/\/bd-process.com\/de\/produkte\/linatex-kreiselpumpen\/","title":{"rendered":"Linatex\u00ae Kreiselpumpen"},"content":{"rendered":"\t\t<div data-elementor-type=\"wp-post\" data-elementor-id=\"318\" class=\"elementor elementor-318\" data-elementor-post-type=\"page\">\n\t\t\t\t<div class=\"elementor-element elementor-element-2514698 e-flex e-con-boxed e-con e-parent\" data-id=\"2514698\" data-element_type=\"container\" data-e-type=\"container\" data-settings=\"{&quot;background_background&quot;:&quot;classic&quot;}\">\n\t\t\t\t\t<div class=\"e-con-inner\">\n\t\t<div class=\"elementor-element elementor-element-4892c41 e-con-full e-flex e-con e-child\" data-id=\"4892c41\" data-element_type=\"container\" data-e-type=\"container\" data-settings=\"{&quot;background_background&quot;:&quot;classic&quot;}\">\n\t\t\t\t<div class=\"elementor-element elementor-element-a4fb033 elementor-widget elementor-widget-heading\" data-id=\"a4fb033\" data-element_type=\"widget\" data-e-type=\"widget\" data-widget_type=\"heading.default\">\n\t\t\t\t<div class=\"elementor-widget-container\">\n\t\t\t\t\t<h1 class=\"elementor-heading-title elementor-size-default\">Linatex\u00ae Kreiselpumpen<\/h1>\t\t\t\t<\/div>\n\t\t\t\t<\/div>\n\t\t\t\t<div class=\"elementor-element elementor-element-110597a elementor-widget-divider--view-line elementor-widget elementor-widget-divider\" data-id=\"110597a\" data-element_type=\"widget\" data-e-type=\"widget\" data-widget_type=\"divider.default\">\n\t\t\t\t<div class=\"elementor-widget-container\">\n\t\t\t\t\t\t\t<div class=\"elementor-divider\">\n\t\t\t<span class=\"elementor-divider-separator\">\n\t\t\t\t\t\t<\/span>\n\t\t<\/div>\n\t\t\t\t\t\t<\/div>\n\t\t\t\t<\/div>\n\t\t\t\t<div class=\"elementor-element elementor-element-1de653d elementor-widget elementor-widget-text-editor\" data-id=\"1de653d\" data-element_type=\"widget\" data-e-type=\"widget\" data-widget_type=\"text-editor.default\">\n\t\t\t\t<div class=\"elementor-widget-container\">\n\t\t\t\t\t\t\t\t\t<div class=\"w-post-elm post_content\"><p>Linatex\u00ae Kreiselpumpen kommen bei Anwendungen zum Einsatz, bei denen das zu f\u00f6rdernde Medium eine hohe Abnutzung verursacht. Das komplette Pumpengeh\u00e4use innen sowie das Laufrad sind mit Naturkautschuk ausgekleidet. Der daraus resultierende Verschlei\u00dfschutz erm\u00f6glicht einen wirtschaftlichen Dauerbetrieb dieser Pumpen.<\/p><\/div>\t\t\t\t\t\t\t\t<\/div>\n\t\t\t\t<\/div>\n\t\t\t\t<\/div>\n\t\t\t\t\t<\/div>\n\t\t\t\t<\/div>\n\t\t<div class=\"elementor-element elementor-element-64e40cc e-flex e-con-boxed e-con e-parent\" data-id=\"64e40cc\" data-element_type=\"container\" data-e-type=\"container\" data-settings=\"{&quot;background_background&quot;:&quot;classic&quot;}\">\n\t\t\t\t\t<div class=\"e-con-inner\">\n\t\t\t\t<div class=\"elementor-element elementor-element-cc7e459 elementor-hidden-desktop elementor-hidden-laptop elementor-widget elementor-widget-image\" data-id=\"cc7e459\" data-element_type=\"widget\" data-e-type=\"widget\" data-widget_type=\"image.default\">\n\t\t\t\t<div class=\"elementor-widget-container\">\n\t\t\t\t\t\t\t\t\t\t\t\t\t\t\t<img fetchpriority=\"high\" decoding=\"async\" width=\"809\" height=\"952\" src=\"https:\/\/bd-process.com\/wp-content\/uploads\/2024\/04\/bd-process_kreiselpumpe_v2.png\" class=\"attachment-full size-full wp-image-1384\" alt=\"\" srcset=\"https:\/\/bd-process.com\/wp-content\/uploads\/2024\/04\/bd-process_kreiselpumpe_v2.png 809w, https:\/\/bd-process.com\/wp-content\/uploads\/2024\/04\/bd-process_kreiselpumpe_v2-255x300.png 255w, https:\/\/bd-process.com\/wp-content\/uploads\/2024\/04\/bd-process_kreiselpumpe_v2-768x904.png 768w\" sizes=\"(max-width: 809px) 100vw, 809px\" \/>\t\t\t\t\t\t\t\t\t\t\t\t\t\t\t<\/div>\n\t\t\t\t<\/div>\n\t\t\t\t<div class=\"elementor-element elementor-element-ef13095 elementor-widget elementor-widget-heading\" data-id=\"ef13095\" data-element_type=\"widget\" data-e-type=\"widget\" data-widget_type=\"heading.default\">\n\t\t\t\t<div class=\"elementor-widget-container\">\n\t\t\t\t\t<h2 class=\"elementor-heading-title elementor-size-default\">Spezifikationen<\/h2>\t\t\t\t<\/div>\n\t\t\t\t<\/div>\n\t\t\t\t<div class=\"elementor-element elementor-element-2710103 elementor-widget-divider--view-line elementor-widget elementor-widget-divider\" data-id=\"2710103\" data-element_type=\"widget\" data-e-type=\"widget\" data-widget_type=\"divider.default\">\n\t\t\t\t<div class=\"elementor-widget-container\">\n\t\t\t\t\t\t\t<div class=\"elementor-divider\">\n\t\t\t<span class=\"elementor-divider-separator\">\n\t\t\t\t\t\t<\/span>\n\t\t<\/div>\n\t\t\t\t\t\t<\/div>\n\t\t\t\t<\/div>\n\t\t<div class=\"elementor-element elementor-element-31e0fce e-flex e-con-boxed e-con e-child\" data-id=\"31e0fce\" data-element_type=\"container\" data-e-type=\"container\">\n\t\t\t\t\t<div class=\"e-con-inner\">\n\t\t<div class=\"elementor-element elementor-element-fcc2a96 e-flex e-con-boxed e-con e-child\" data-id=\"fcc2a96\" data-element_type=\"container\" data-e-type=\"container\">\n\t\t\t\t\t<div class=\"e-con-inner\">\n\t\t\t\t<div class=\"elementor-element elementor-element-3efdf41 elementor-widget elementor-widget-text-editor\" data-id=\"3efdf41\" data-element_type=\"widget\" data-e-type=\"widget\" data-widget_type=\"text-editor.default\">\n\t\t\t\t<div class=\"elementor-widget-container\">\n\t\t\t\t\t\t\t\t\t<div class=\"faux\"><div id=\"idTextPanel\" class=\"jqDnR\"><p><strong>Geh\u00e4useauskleidungen:<\/strong> Die Verwendung von LINATEX-Gummi mit eingebetteter Stahlverst\u00e4rkung bietet einen bew\u00e4hrten Schutz vor Verschlei\u00df und Korrosion, was zu langer Betriebsdauer f\u00fchrt. Je nach Anwendung sind auch alternative Gummiqualit\u00e4ten erh\u00e4ltlich.<\/p><p><strong>Pumpenwelle und Lagerung:<\/strong> Ein vollst\u00e4ndig geschlossener Lagerzylinder sorgt f\u00fcr Langlebigkeit und erm\u00f6glicht einfache Inspektion und Wartung in der Werkstatt, ideal f\u00fcr hohe Belastungen.<\/p><p><strong>Laufrad:<\/strong> Das dickere, hydrodynamisch vorteilhafte LINATEX-Gummi, verst\u00e4rkt mit Stahleinlagen, gew\u00e4hrleistet einen optimalen Wirkungsgrad der Pumpe.<\/p><p><strong>Motoranordnung:<\/strong> Die Motoranordnung erfolgt \u00fcber einen Keilriementrieb, wobei verschiedene Positionen (U- oder Z-Stellung) eine \u00e4u\u00dferst flexible Anpassung an verschiedene Installationsanforderungen erm\u00f6glichen.<\/p><\/div><\/div>\t\t\t\t\t\t\t\t<\/div>\n\t\t\t\t<\/div>\n\t\t\t\t<div class=\"elementor-element elementor-element-f3f3619 elementor-widget elementor-widget-text-editor\" data-id=\"f3f3619\" data-element_type=\"widget\" data-e-type=\"widget\" data-widget_type=\"text-editor.default\">\n\t\t\t\t<div class=\"elementor-widget-container\">\n\t\t\t\t\t\t\t\t\t<div class=\"faux\"><div id=\"idTextPanel\" class=\"jqDnR\"><p><strong>Linatex\u00ae Kreiselpumpen werden in den folgenden Anlagen eingesetzt:<br \/><\/strong><\/p><\/div><\/div>\t\t\t\t\t\t\t\t<\/div>\n\t\t\t\t<\/div>\n\t\t\t\t<div class=\"elementor-element elementor-element-66fc06d elementor-icon-list--layout-traditional elementor-list-item-link-full_width elementor-widget elementor-widget-icon-list\" data-id=\"66fc06d\" data-element_type=\"widget\" data-e-type=\"widget\" data-widget_type=\"icon-list.default\">\n\t\t\t\t<div class=\"elementor-widget-container\">\n\t\t\t\t\t\t\t<ul class=\"elementor-icon-list-items\">\n\t\t\t\t\t\t\t<li class=\"elementor-icon-list-item\">\n\t\t\t\t\t\t\t\t\t\t\t<a href=\"https:\/\/bd-process.com\/de\/leistungen\/aufbereitungsanlagen-fuer-sand-und-kies\/fraktionsanlagen\/\">\n\n\t\t\t\t\t\t\t\t\t\t\t\t<span class=\"elementor-icon-list-icon\">\n\t\t\t\t\t\t\t<i aria-hidden=\"true\" class=\"fas fa-chevron-right\"><\/i>\t\t\t\t\t\t<\/span>\n\t\t\t\t\t\t\t\t\t\t<span class=\"elementor-icon-list-text\">Fraktionsanlagen<\/span>\n\t\t\t\t\t\t\t\t\t\t\t<\/a>\n\t\t\t\t\t\t\t\t\t<\/li>\n\t\t\t\t\t\t\t\t<li class=\"elementor-icon-list-item\">\n\t\t\t\t\t\t\t\t\t\t\t<a href=\"https:\/\/bd-process.com\/de\/leistungen\/aufbereitungsanlagen-fuer-sand-und-kies\/inline-blending\/\">\n\n\t\t\t\t\t\t\t\t\t\t\t\t<span class=\"elementor-icon-list-icon\">\n\t\t\t\t\t\t\t<i aria-hidden=\"true\" class=\"fas fa-chevron-right\"><\/i>\t\t\t\t\t\t<\/span>\n\t\t\t\t\t\t\t\t\t\t<span class=\"elementor-icon-list-text\">Inline-Blending-Anlagen<\/span>\n\t\t\t\t\t\t\t\t\t\t\t<\/a>\n\t\t\t\t\t\t\t\t\t<\/li>\n\t\t\t\t\t\t\t\t<li class=\"elementor-icon-list-item\">\n\t\t\t\t\t\t\t\t\t\t\t<a href=\"https:\/\/bd-process.com\/de\/leistungen\/aufbereitungsanlagen-fuer-sand-und-kies\/feinsandrueckgewinnung\/\">\n\n\t\t\t\t\t\t\t\t\t\t\t\t<span class=\"elementor-icon-list-icon\">\n\t\t\t\t\t\t\t<i aria-hidden=\"true\" class=\"fas fa-chevron-right\"><\/i>\t\t\t\t\t\t<\/span>\n\t\t\t\t\t\t\t\t\t\t<span class=\"elementor-icon-list-text\">Feinsandr\u00fcckgewinnung<\/span>\n\t\t\t\t\t\t\t\t\t\t\t<\/a>\n\t\t\t\t\t\t\t\t\t<\/li>\n\t\t\t\t\t\t\t\t<li class=\"elementor-icon-list-item\">\n\t\t\t\t\t\t\t\t\t\t\t<a href=\"https:\/\/bd-process.com\/de\/leistungen\/aufbereitungsanlagen-fuer-sand-und-kies\/brechsandaufbereitung\/\">\n\n\t\t\t\t\t\t\t\t\t\t\t\t<span class=\"elementor-icon-list-icon\">\n\t\t\t\t\t\t\t<i aria-hidden=\"true\" class=\"fas fa-chevron-right\"><\/i>\t\t\t\t\t\t<\/span>\n\t\t\t\t\t\t\t\t\t\t<span class=\"elementor-icon-list-text\">Brechsandaufbereitung<\/span>\n\t\t\t\t\t\t\t\t\t\t\t<\/a>\n\t\t\t\t\t\t\t\t\t<\/li>\n\t\t\t\t\t\t\t\t<li class=\"elementor-icon-list-item\">\n\t\t\t\t\t\t\t\t\t\t\t<a href=\"https:\/\/bd-process.com\/de\/leistungen\/recycling\/\">\n\n\t\t\t\t\t\t\t\t\t\t\t\t<span class=\"elementor-icon-list-icon\">\n\t\t\t\t\t\t\t<i aria-hidden=\"true\" class=\"fas fa-chevron-right\"><\/i>\t\t\t\t\t\t<\/span>\n\t\t\t\t\t\t\t\t\t\t<span class=\"elementor-icon-list-text\">Recycling-Anlagen<\/span>\n\t\t\t\t\t\t\t\t\t\t\t<\/a>\n\t\t\t\t\t\t\t\t\t<\/li>\n\t\t\t\t\t\t<\/ul>\n\t\t\t\t\t\t<\/div>\n\t\t\t\t<\/div>\n\t\t\t\t\t<\/div>\n\t\t\t\t<\/div>\n\t\t<div class=\"elementor-element elementor-element-2d89673 e-flex e-con-boxed e-con e-child\" data-id=\"2d89673\" data-element_type=\"container\" data-e-type=\"container\">\n\t\t\t\t\t<div class=\"e-con-inner\">\n\t\t\t\t<div class=\"elementor-element elementor-element-c496061 elementor-widget elementor-widget-text-editor\" data-id=\"c496061\" data-element_type=\"widget\" data-e-type=\"widget\" data-widget_type=\"text-editor.default\">\n\t\t\t\t<div class=\"elementor-widget-container\">\n\t\t\t\t\t\t\t\t\t<p><strong>Linatex Kreiselpumpen Typ IIIR<\/strong><\/p>\t\t\t\t\t\t\t\t<\/div>\n\t\t\t\t<\/div>\n\t\t\t\t<div class=\"elementor-element elementor-element-d1a1687 elementor-widget elementor-widget-html\" data-id=\"d1a1687\" data-element_type=\"widget\" data-e-type=\"widget\" data-widget_type=\"html.default\">\n\t\t\t\t<div class=\"elementor-widget-container\">\n\t\t\t\t\t<table>\n\t<tbody>\n\t\t<tr>\n\t\t    <td><b>Typ<\/b><\/td>\n\t\t\t<td><b>Durchsatzleistungen [m\u00b3\/h]<\/b><\/td>\n\t\t<\/tr>\n\t\t<tr>\n\t\t\t<td>50\/50<\/td>\n\t\t\t<td>10-20<\/td>\n\t\t<\/tr>\n\t\t<tr>\n\t\t\t<td>80\/80<\/td>\n\t\t\t<td>20-100<\/td>\n\t\t<\/tr>\n\t\t<tr>\n\t\t\t<td>100\/100<\/td>\n\t\t\t<td>35-200<\/td>\n\t\t<\/tr>\n\t\t<tr>\n\t\t\t<td>150\/125<\/td>\n\t\t\t<td>50-350<\/td>\n\t\t<\/tr>\n\t\t<tr>\n\t\t\t<td>200\/150<\/td>\n\t\t\t<td>100-600<\/td>\n\t\t<\/tr>\n\t\t<tr>\n\t\t\t<td>250\/200<\/td>\n\t\t\t<td>200-1200<\/td>\n\t\t<\/tr>\n\t\t<tr>\n\t\t\t<td>300\/250<\/td>\n\t\t\t<td>300-1750<\/td>\n\t\t<\/tr>\n\t<\/tbody>\n<\/table>\t\t\t\t<\/div>\n\t\t\t\t<\/div>\n\t\t\t\t\t<\/div>\n\t\t\t\t<\/div>\n\t\t\t\t\t<\/div>\n\t\t\t\t<\/div>\n\t\t\t\t\t<\/div>\n\t\t\t\t<\/div>\n\t\t\t\t<\/div>\n\t\t","protected":false},"excerpt":{"rendered":"<p>Linatex\u00ae Kreiselpumpen Linatex\u00ae Kreiselpumpen kommen bei Anwendungen zum Einsatz, bei denen das zu f\u00f6rdernde Medium eine hohe Abnutzung verursacht. Das komplette Pumpengeh\u00e4use innen sowie das Laufrad sind mit Naturkautschuk ausgekleidet. Der daraus resultierende Verschlei\u00dfschutz erm\u00f6glicht einen wirtschaftlichen Dauerbetrieb dieser Pumpen. Spezifikationen Geh\u00e4useauskleidungen: Die Verwendung von LINATEX-Gummi mit eingebetteter Stahlverst\u00e4rkung bietet einen bew\u00e4hrten Schutz vor Verschlei\u00df [&hellip;]<\/p>\n","protected":false},"author":1,"featured_media":0,"parent":1898,"menu_order":0,"comment_status":"closed","ping_status":"closed","template":"","meta":{"_acf_changed":false,"footnotes":""},"class_list":["post-318","page","type-page","status-publish","hentry"],"acf":[],"_links":{"self":[{"href":"https:\/\/bd-process.com\/de\/wp-json\/wp\/v2\/pages\/318","targetHints":{"allow":["GET"]}}],"collection":[{"href":"https:\/\/bd-process.com\/de\/wp-json\/wp\/v2\/pages"}],"about":[{"href":"https:\/\/bd-process.com\/de\/wp-json\/wp\/v2\/types\/page"}],"author":[{"embeddable":true,"href":"https:\/\/bd-process.com\/de\/wp-json\/wp\/v2\/users\/1"}],"replies":[{"embeddable":true,"href":"https:\/\/bd-process.com\/de\/wp-json\/wp\/v2\/comments?post=318"}],"version-history":[{"count":10,"href":"https:\/\/bd-process.com\/de\/wp-json\/wp\/v2\/pages\/318\/revisions"}],"predecessor-version":[{"id":1871,"href":"https:\/\/bd-process.com\/de\/wp-json\/wp\/v2\/pages\/318\/revisions\/1871"}],"up":[{"embeddable":true,"href":"https:\/\/bd-process.com\/de\/wp-json\/wp\/v2\/pages\/1898"}],"wp:attachment":[{"href":"https:\/\/bd-process.com\/de\/wp-json\/wp\/v2\/media?parent=318"}],"curies":[{"name":"wp","href":"https:\/\/api.w.org\/{rel}","templated":true}]}}