{"id":522,"date":"2024-02-07T14:36:41","date_gmt":"2024-02-07T13:36:41","guid":{"rendered":"http:\/\/relaunch.bd-process.de\/?page_id=522"},"modified":"2024-07-31T09:59:24","modified_gmt":"2024-07-31T07:59:24","slug":"linearschwinger","status":"publish","type":"page","link":"https:\/\/bd-process.com\/de\/produkte\/linearschwinger\/","title":{"rendered":"Linearschwinger"},"content":{"rendered":"\t\t<div data-elementor-type=\"wp-post\" data-elementor-id=\"522\" class=\"elementor elementor-522\" data-elementor-post-type=\"page\">\n\t\t\t\t<div class=\"elementor-element elementor-element-2514698 e-flex e-con-boxed e-con e-parent\" data-id=\"2514698\" data-element_type=\"container\" data-e-type=\"container\" data-settings=\"{&quot;background_background&quot;:&quot;classic&quot;}\">\n\t\t\t\t\t<div class=\"e-con-inner\">\n\t\t<div class=\"elementor-element elementor-element-4892c41 e-con-full e-flex e-con e-child\" data-id=\"4892c41\" data-element_type=\"container\" data-e-type=\"container\" data-settings=\"{&quot;background_background&quot;:&quot;classic&quot;}\">\n\t\t\t\t<div class=\"elementor-element elementor-element-a4fb033 elementor-widget elementor-widget-heading\" data-id=\"a4fb033\" data-element_type=\"widget\" data-e-type=\"widget\" data-widget_type=\"heading.default\">\n\t\t\t\t<div class=\"elementor-widget-container\">\n\t\t\t\t\t<h1 class=\"elementor-heading-title elementor-size-default\">Linearschwinger<\/h1>\t\t\t\t<\/div>\n\t\t\t\t<\/div>\n\t\t\t\t<div class=\"elementor-element elementor-element-110597a elementor-widget-divider--view-line elementor-widget elementor-widget-divider\" data-id=\"110597a\" data-element_type=\"widget\" data-e-type=\"widget\" data-widget_type=\"divider.default\">\n\t\t\t\t<div class=\"elementor-widget-container\">\n\t\t\t\t\t\t\t<div class=\"elementor-divider\">\n\t\t\t<span class=\"elementor-divider-separator\">\n\t\t\t\t\t\t<\/span>\n\t\t<\/div>\n\t\t\t\t\t\t<\/div>\n\t\t\t\t<\/div>\n\t\t\t\t<div class=\"elementor-element elementor-element-1de653d elementor-widget elementor-widget-text-editor\" data-id=\"1de653d\" data-element_type=\"widget\" data-e-type=\"widget\" data-widget_type=\"text-editor.default\">\n\t\t\t\t<div class=\"elementor-widget-container\">\n\t\t\t\t\t\t\t\t\t<p>Linearschwinger arbeiten mit einer linearen Schwingung, die in Richtung des Maschinenschwerpunktes gerichtet ist. Da sie ansteigend und mit Neigung oder ohne Neigung betrieben werden k\u00f6nnen, finden sie in allen Siebeinsatzarten wie z.B. beim Waschen, Klassieren und Entw\u00e4ssern ihre Verwendung.<\/p>\t\t\t\t\t\t\t\t<\/div>\n\t\t\t\t<\/div>\n\t\t\t\t<\/div>\n\t\t\t\t\t<\/div>\n\t\t\t\t<\/div>\n\t\t<div class=\"elementor-element elementor-element-64e40cc e-flex e-con-boxed e-con e-parent\" data-id=\"64e40cc\" data-element_type=\"container\" data-e-type=\"container\" data-settings=\"{&quot;background_background&quot;:&quot;classic&quot;}\">\n\t\t\t\t\t<div class=\"e-con-inner\">\n\t\t\t\t<div class=\"elementor-element elementor-element-c237116 elementor-hidden-desktop elementor-hidden-laptop elementor-widget elementor-widget-image\" data-id=\"c237116\" data-element_type=\"widget\" data-e-type=\"widget\" data-widget_type=\"image.default\">\n\t\t\t\t<div class=\"elementor-widget-container\">\n\t\t\t\t\t\t\t\t\t\t\t\t\t\t\t<img fetchpriority=\"high\" decoding=\"async\" width=\"1312\" height=\"921\" src=\"https:\/\/bd-process.com\/wp-content\/uploads\/2024\/04\/bd-process_linearschwinger_v2.png\" class=\"attachment-full size-full wp-image-1420\" alt=\"B&amp;D Process Equipment | Linearschwinger\" srcset=\"https:\/\/bd-process.com\/wp-content\/uploads\/2024\/04\/bd-process_linearschwinger_v2.png 1312w, https:\/\/bd-process.com\/wp-content\/uploads\/2024\/04\/bd-process_linearschwinger_v2-300x211.png 300w, https:\/\/bd-process.com\/wp-content\/uploads\/2024\/04\/bd-process_linearschwinger_v2-1024x719.png 1024w, https:\/\/bd-process.com\/wp-content\/uploads\/2024\/04\/bd-process_linearschwinger_v2-768x539.png 768w\" sizes=\"(max-width: 1312px) 100vw, 1312px\" \/>\t\t\t\t\t\t\t\t\t\t\t\t\t\t\t<\/div>\n\t\t\t\t<\/div>\n\t\t\t\t<div class=\"elementor-element elementor-element-ef13095 elementor-widget elementor-widget-heading\" data-id=\"ef13095\" data-element_type=\"widget\" data-e-type=\"widget\" data-widget_type=\"heading.default\">\n\t\t\t\t<div class=\"elementor-widget-container\">\n\t\t\t\t\t<h2 class=\"elementor-heading-title elementor-size-default\">Spezifikationen <\/h2>\t\t\t\t<\/div>\n\t\t\t\t<\/div>\n\t\t\t\t<div class=\"elementor-element elementor-element-2710103 elementor-widget-divider--view-line elementor-widget elementor-widget-divider\" data-id=\"2710103\" data-element_type=\"widget\" data-e-type=\"widget\" data-widget_type=\"divider.default\">\n\t\t\t\t<div class=\"elementor-widget-container\">\n\t\t\t\t\t\t\t<div class=\"elementor-divider\">\n\t\t\t<span class=\"elementor-divider-separator\">\n\t\t\t\t\t\t<\/span>\n\t\t<\/div>\n\t\t\t\t\t\t<\/div>\n\t\t\t\t<\/div>\n\t\t<div class=\"elementor-element elementor-element-31e0fce e-flex e-con-boxed e-con e-child\" data-id=\"31e0fce\" data-element_type=\"container\" data-e-type=\"container\">\n\t\t\t\t\t<div class=\"e-con-inner\">\n\t\t<div class=\"elementor-element elementor-element-fcc2a96 e-flex e-con-boxed e-con e-child\" data-id=\"fcc2a96\" data-element_type=\"container\" data-e-type=\"container\">\n\t\t\t\t\t<div class=\"e-con-inner\">\n\t\t\t\t<div class=\"elementor-element elementor-element-3efdf41 elementor-widget elementor-widget-text-editor\" data-id=\"3efdf41\" data-element_type=\"widget\" data-e-type=\"widget\" data-widget_type=\"text-editor.default\">\n\t\t\t\t<div class=\"elementor-widget-container\">\n\t\t\t\t\t\t\t\t\t<div class=\"faux\"><div id=\"idTextPanel\" class=\"jqDnR\"><p>Als Entw\u00e4sserungssiebmaschine besitzen Linearschwinger den gro\u00dfen Vorteil, dass sie auch ansteigend f\u00f6rdern k\u00f6nnen und somit f\u00fcr eine optimale Entw\u00e4sserung sorgen. F\u00fcr Sand und feine Gesteinsk\u00f6rnungen werden in der Regel Siebbel\u00e4ge oder auch Schwei\u00dfspaltsiebe mit der \u00d6ffnungsweite 0,3 oder 0,5 mm verwendet.<\/p><p>Wir bieten f\u00fcr jeden Einsatzfall die richtige L\u00f6sung und k\u00f6nnen mit unseren Partnern auf \u00fcber 50 Jahre Erfahrung in der Herstellung von Linearschwingern zur\u00fcckblicken.<\/p><\/div><\/div>\t\t\t\t\t\t\t\t<\/div>\n\t\t\t\t<\/div>\n\t\t\t\t<div class=\"elementor-element elementor-element-d891a72 elementor-widget elementor-widget-text-editor\" data-id=\"d891a72\" data-element_type=\"widget\" data-e-type=\"widget\" data-widget_type=\"text-editor.default\">\n\t\t\t\t<div class=\"elementor-widget-container\">\n\t\t\t\t\t\t\t\t\t<div class=\"faux\"><div id=\"idTextPanel\" class=\"jqDnR\"><p><strong>Erfahren Sie mehr \u00fcber unsere Anlagen:<br \/><\/strong><\/p><\/div><\/div>\t\t\t\t\t\t\t\t<\/div>\n\t\t\t\t<\/div>\n\t\t\t\t<div class=\"elementor-element elementor-element-17f3ab2 elementor-icon-list--layout-traditional elementor-list-item-link-full_width elementor-widget elementor-widget-icon-list\" data-id=\"17f3ab2\" data-element_type=\"widget\" data-e-type=\"widget\" data-widget_type=\"icon-list.default\">\n\t\t\t\t<div class=\"elementor-widget-container\">\n\t\t\t\t\t\t\t<ul class=\"elementor-icon-list-items\">\n\t\t\t\t\t\t\t<li class=\"elementor-icon-list-item\">\n\t\t\t\t\t\t\t\t\t\t\t<a href=\"https:\/\/bd-process.com\/de\/leistungen\/aufbereitungsanlagen-fuer-sand-und-kies\/fraktionsanlagen\/\">\n\n\t\t\t\t\t\t\t\t\t\t\t\t<span class=\"elementor-icon-list-icon\">\n\t\t\t\t\t\t\t<i aria-hidden=\"true\" class=\"fas fa-chevron-right\"><\/i>\t\t\t\t\t\t<\/span>\n\t\t\t\t\t\t\t\t\t\t<span class=\"elementor-icon-list-text\">Fraktionsanlagen<\/span>\n\t\t\t\t\t\t\t\t\t\t\t<\/a>\n\t\t\t\t\t\t\t\t\t<\/li>\n\t\t\t\t\t\t\t\t<li class=\"elementor-icon-list-item\">\n\t\t\t\t\t\t\t\t\t\t\t<a href=\"https:\/\/bd-process.com\/de\/leistungen\/aufbereitungsanlagen-fuer-sand-und-kies\/inline-blending\/\">\n\n\t\t\t\t\t\t\t\t\t\t\t\t<span class=\"elementor-icon-list-icon\">\n\t\t\t\t\t\t\t<i aria-hidden=\"true\" class=\"fas fa-chevron-right\"><\/i>\t\t\t\t\t\t<\/span>\n\t\t\t\t\t\t\t\t\t\t<span class=\"elementor-icon-list-text\">Inline-Blending-Anlagen<\/span>\n\t\t\t\t\t\t\t\t\t\t\t<\/a>\n\t\t\t\t\t\t\t\t\t<\/li>\n\t\t\t\t\t\t\t\t<li class=\"elementor-icon-list-item\">\n\t\t\t\t\t\t\t\t\t\t\t<a href=\"https:\/\/bd-process.com\/de\/leistungen\/aufbereitungsanlagen-fuer-sand-und-kies\/feinsandrueckgewinnung\/\">\n\n\t\t\t\t\t\t\t\t\t\t\t\t<span class=\"elementor-icon-list-icon\">\n\t\t\t\t\t\t\t<i aria-hidden=\"true\" class=\"fas fa-chevron-right\"><\/i>\t\t\t\t\t\t<\/span>\n\t\t\t\t\t\t\t\t\t\t<span class=\"elementor-icon-list-text\">Feinsandr\u00fcckgewinnung<\/span>\n\t\t\t\t\t\t\t\t\t\t\t<\/a>\n\t\t\t\t\t\t\t\t\t<\/li>\n\t\t\t\t\t\t\t\t<li class=\"elementor-icon-list-item\">\n\t\t\t\t\t\t\t\t\t\t\t<a href=\"https:\/\/bd-process.com\/de\/leistungen\/aufbereitungsanlagen-fuer-sand-und-kies\/brechsandaufbereitung\/\">\n\n\t\t\t\t\t\t\t\t\t\t\t\t<span class=\"elementor-icon-list-icon\">\n\t\t\t\t\t\t\t<i aria-hidden=\"true\" class=\"fas fa-chevron-right\"><\/i>\t\t\t\t\t\t<\/span>\n\t\t\t\t\t\t\t\t\t\t<span class=\"elementor-icon-list-text\">Brechsandaufbereitung<\/span>\n\t\t\t\t\t\t\t\t\t\t\t<\/a>\n\t\t\t\t\t\t\t\t\t<\/li>\n\t\t\t\t\t\t\t\t<li class=\"elementor-icon-list-item\">\n\t\t\t\t\t\t\t\t\t\t\t<a href=\"https:\/\/bd-process.com\/de\/leistungen\/aufbereitungsanlagen-fuer-sand-und-kies\/kiesaufbereitung\/\">\n\n\t\t\t\t\t\t\t\t\t\t\t\t<span class=\"elementor-icon-list-icon\">\n\t\t\t\t\t\t\t<i aria-hidden=\"true\" class=\"fas fa-chevron-right\"><\/i>\t\t\t\t\t\t<\/span>\n\t\t\t\t\t\t\t\t\t\t<span class=\"elementor-icon-list-text\">Kiesaufbereitung<\/span>\n\t\t\t\t\t\t\t\t\t\t\t<\/a>\n\t\t\t\t\t\t\t\t\t<\/li>\n\t\t\t\t\t\t<\/ul>\n\t\t\t\t\t\t<\/div>\n\t\t\t\t<\/div>\n\t\t\t\t\t<\/div>\n\t\t\t\t<\/div>\n\t\t\t\t\t<\/div>\n\t\t\t\t<\/div>\n\t\t\t\t\t<\/div>\n\t\t\t\t<\/div>\n\t\t\t\t<\/div>\n\t\t","protected":false},"excerpt":{"rendered":"<p>Linearschwinger arbeiten mit einer linearen Schwingung, die in Richtung des Maschinenschwerpunktes gerichtet ist. Da sie ansteigend und mit Neigung oder ohne Neigung betrieben werden k\u00f6nnen, finden sie in allen Siebeinsatzarten wie z.B. beim Waschen, Klassieren und Entw\u00e4ssern ihre Verwendung. Spezifikationen Als Entw\u00e4sserungssiebmaschine besitzen Linearschwinger den gro\u00dfen Vorteil, dass sie auch ansteigend f\u00f6rdern k\u00f6nnen und somit [&hellip;]<\/p>\n","protected":false},"author":1,"featured_media":0,"parent":1898,"menu_order":0,"comment_status":"closed","ping_status":"closed","template":"","meta":{"_acf_changed":false,"footnotes":""},"class_list":["post-522","page","type-page","status-publish","hentry"],"acf":[],"_links":{"self":[{"href":"https:\/\/bd-process.com\/de\/wp-json\/wp\/v2\/pages\/522","targetHints":{"allow":["GET"]}}],"collection":[{"href":"https:\/\/bd-process.com\/de\/wp-json\/wp\/v2\/pages"}],"about":[{"href":"https:\/\/bd-process.com\/de\/wp-json\/wp\/v2\/types\/page"}],"author":[{"embeddable":true,"href":"https:\/\/bd-process.com\/de\/wp-json\/wp\/v2\/users\/1"}],"replies":[{"embeddable":true,"href":"https:\/\/bd-process.com\/de\/wp-json\/wp\/v2\/comments?post=522"}],"version-history":[{"count":10,"href":"https:\/\/bd-process.com\/de\/wp-json\/wp\/v2\/pages\/522\/revisions"}],"predecessor-version":[{"id":2538,"href":"https:\/\/bd-process.com\/de\/wp-json\/wp\/v2\/pages\/522\/revisions\/2538"}],"up":[{"embeddable":true,"href":"https:\/\/bd-process.com\/de\/wp-json\/wp\/v2\/pages\/1898"}],"wp:attachment":[{"href":"https:\/\/bd-process.com\/de\/wp-json\/wp\/v2\/media?parent=522"}],"curies":[{"name":"wp","href":"https:\/\/api.w.org\/{rel}","templated":true}]}}