{"id":548,"date":"2024-02-07T15:00:00","date_gmt":"2024-02-07T14:00:00","guid":{"rendered":"http:\/\/relaunch.bd-process.de\/?page_id=548"},"modified":"2024-05-16T16:33:55","modified_gmt":"2024-05-16T14:33:55","slug":"schwertwaeschen","status":"publish","type":"page","link":"https:\/\/bd-process.com\/de\/produkte\/schwertwaeschen\/","title":{"rendered":"Schwertw\u00e4schen"},"content":{"rendered":"\t\t<div data-elementor-type=\"wp-post\" data-elementor-id=\"548\" class=\"elementor elementor-548\" data-elementor-post-type=\"page\">\n\t\t\t\t<div class=\"elementor-element elementor-element-2514698 e-flex e-con-boxed e-con e-parent\" data-id=\"2514698\" data-element_type=\"container\" data-e-type=\"container\" data-settings=\"{&quot;background_background&quot;:&quot;classic&quot;}\">\n\t\t\t\t\t<div class=\"e-con-inner\">\n\t\t<div class=\"elementor-element elementor-element-4892c41 e-con-full e-flex e-con e-child\" data-id=\"4892c41\" data-element_type=\"container\" data-e-type=\"container\" data-settings=\"{&quot;background_background&quot;:&quot;classic&quot;}\">\n\t\t\t\t<div class=\"elementor-element elementor-element-a4fb033 elementor-widget elementor-widget-heading\" data-id=\"a4fb033\" data-element_type=\"widget\" data-e-type=\"widget\" data-widget_type=\"heading.default\">\n\t\t\t\t<div class=\"elementor-widget-container\">\n\t\t\t\t\t<h1 class=\"elementor-heading-title elementor-size-default\">Schwertw\u00e4schen<\/h1>\t\t\t\t<\/div>\n\t\t\t\t<\/div>\n\t\t\t\t<div class=\"elementor-element elementor-element-110597a elementor-widget-divider--view-line elementor-widget elementor-widget-divider\" data-id=\"110597a\" data-element_type=\"widget\" data-e-type=\"widget\" data-widget_type=\"divider.default\">\n\t\t\t\t<div class=\"elementor-widget-container\">\n\t\t\t\t\t\t\t<div class=\"elementor-divider\">\n\t\t\t<span class=\"elementor-divider-separator\">\n\t\t\t\t\t\t<\/span>\n\t\t<\/div>\n\t\t\t\t\t\t<\/div>\n\t\t\t\t<\/div>\n\t\t\t\t<div class=\"elementor-element elementor-element-1de653d elementor-widget elementor-widget-text-editor\" data-id=\"1de653d\" data-element_type=\"widget\" data-e-type=\"widget\" data-widget_type=\"text-editor.default\">\n\t\t\t\t<div class=\"elementor-widget-container\">\n\t\t\t\t\t\t\t\t\t<p>Schwertw\u00e4schen werden als Einwellen- oder als Doppelwellenschwertw\u00e4schen ausgef\u00fchrt und sind zum Waschen\/Reinigen von stark verschmutzten Kies, Schotter oder Recyclingmaterial mit einer maximalen Korngr\u00f6\u00dfe von 80 mm einsetzbar.<\/p>\t\t\t\t\t\t\t\t<\/div>\n\t\t\t\t<\/div>\n\t\t\t\t<\/div>\n\t\t\t\t\t<\/div>\n\t\t\t\t<\/div>\n\t\t<div class=\"elementor-element elementor-element-64e40cc e-flex e-con-boxed e-con e-parent\" data-id=\"64e40cc\" data-element_type=\"container\" data-e-type=\"container\" data-settings=\"{&quot;background_background&quot;:&quot;classic&quot;}\">\n\t\t\t\t\t<div class=\"e-con-inner\">\n\t\t\t\t<div class=\"elementor-element elementor-element-feaf9b8 elementor-hidden-desktop elementor-hidden-laptop elementor-widget elementor-widget-image\" data-id=\"feaf9b8\" data-element_type=\"widget\" data-e-type=\"widget\" data-widget_type=\"image.default\">\n\t\t\t\t<div class=\"elementor-widget-container\">\n\t\t\t\t\t\t\t\t\t\t\t\t\t\t\t<img fetchpriority=\"high\" decoding=\"async\" width=\"1354\" height=\"963\" src=\"https:\/\/bd-process.com\/wp-content\/uploads\/2024\/04\/bd-process_schwertwaeschen_v2.png\" class=\"attachment-full size-full wp-image-1430\" alt=\"B&amp;D Process Equipment | Schwertw\u00e4schen\" srcset=\"https:\/\/bd-process.com\/wp-content\/uploads\/2024\/04\/bd-process_schwertwaeschen_v2.png 1354w, https:\/\/bd-process.com\/wp-content\/uploads\/2024\/04\/bd-process_schwertwaeschen_v2-300x213.png 300w, https:\/\/bd-process.com\/wp-content\/uploads\/2024\/04\/bd-process_schwertwaeschen_v2-1024x728.png 1024w, https:\/\/bd-process.com\/wp-content\/uploads\/2024\/04\/bd-process_schwertwaeschen_v2-768x546.png 768w\" sizes=\"(max-width: 1354px) 100vw, 1354px\" \/>\t\t\t\t\t\t\t\t\t\t\t\t\t\t\t<\/div>\n\t\t\t\t<\/div>\n\t\t\t\t<div class=\"elementor-element elementor-element-ef13095 elementor-widget elementor-widget-heading\" data-id=\"ef13095\" data-element_type=\"widget\" data-e-type=\"widget\" data-widget_type=\"heading.default\">\n\t\t\t\t<div class=\"elementor-widget-container\">\n\t\t\t\t\t<h2 class=\"elementor-heading-title elementor-size-default\">Spezifikationen<\/h2>\t\t\t\t<\/div>\n\t\t\t\t<\/div>\n\t\t\t\t<div class=\"elementor-element elementor-element-2710103 elementor-widget-divider--view-line elementor-widget elementor-widget-divider\" data-id=\"2710103\" data-element_type=\"widget\" data-e-type=\"widget\" data-widget_type=\"divider.default\">\n\t\t\t\t<div class=\"elementor-widget-container\">\n\t\t\t\t\t\t\t<div class=\"elementor-divider\">\n\t\t\t<span class=\"elementor-divider-separator\">\n\t\t\t\t\t\t<\/span>\n\t\t<\/div>\n\t\t\t\t\t\t<\/div>\n\t\t\t\t<\/div>\n\t\t<div class=\"elementor-element elementor-element-31e0fce e-flex e-con-boxed e-con e-child\" data-id=\"31e0fce\" data-element_type=\"container\" data-e-type=\"container\">\n\t\t\t\t\t<div class=\"e-con-inner\">\n\t\t<div class=\"elementor-element elementor-element-fcc2a96 e-flex e-con-boxed e-con e-child\" data-id=\"fcc2a96\" data-element_type=\"container\" data-e-type=\"container\">\n\t\t\t\t\t<div class=\"e-con-inner\">\n\t\t\t\t<div class=\"elementor-element elementor-element-3efdf41 elementor-widget elementor-widget-text-editor\" data-id=\"3efdf41\" data-element_type=\"widget\" data-e-type=\"widget\" data-widget_type=\"text-editor.default\">\n\t\t\t\t<div class=\"elementor-widget-container\">\n\t\t\t\t\t\t\t\t\t<div class=\"faux\"><div id=\"idTextPanel\" class=\"jqDnR\"><p>Die gegenl\u00e4ufigen Schwerter l\u00f6sen anhaftende Verschmutzungen ab und f\u00f6rdern das gereinigte Material durch den Trog Richtung Abwurf. Die Schwertw\u00e4schen sind in der Regel mit Bebrausungsrohren von oben oder auch optional mit Aufstromeinrichtungen im Boden ausgestattet. Das Waschwasser str\u00f6mt entgegen der F\u00f6rderrichtung und sp\u00fclt die abgetrennten Lehm-, Ton- oder auch Holzpartikel \u00fcber die \u00dcberlaufsch\u00e4chte ab. Die Verweildauer und somit die Waschleistung kann ggfs. \u00fcber die Neigung eingestellt werden.<\/p><p>Wir bieten f\u00fcr jeden Einsatzfall die richtige L\u00f6sung. Die Schwerter k\u00f6nnen wir in verschiedenen H\u00e4rtegraden und Materialien, z.B. Hardox\u00ae, anbieten. Au\u00dferdem k\u00f6nnen die Wellen im Aufgabebereich optional mit verschiedenen Verschlei\u00dfschutzmaterialien, bis hin zu Linatex\u00ae Premium Gummi, beschichtet werden.<\/p><\/div><\/div>\t\t\t\t\t\t\t\t<\/div>\n\t\t\t\t<\/div>\n\t\t\t\t<div class=\"elementor-element elementor-element-14f7596 elementor-widget elementor-widget-text-editor\" data-id=\"14f7596\" data-element_type=\"widget\" data-e-type=\"widget\" data-widget_type=\"text-editor.default\">\n\t\t\t\t<div class=\"elementor-widget-container\">\n\t\t\t\t\t\t\t\t\t<div class=\"faux\"><div id=\"idTextPanel\" class=\"jqDnR\"><p><strong>Schwertw\u00e4schen finden in den folgenden Verfahren Verwendung:<\/strong><\/p><\/div><\/div>\t\t\t\t\t\t\t\t<\/div>\n\t\t\t\t<\/div>\n\t\t\t\t<div class=\"elementor-element elementor-element-2285217 elementor-icon-list--layout-traditional elementor-list-item-link-full_width elementor-widget elementor-widget-icon-list\" data-id=\"2285217\" data-element_type=\"widget\" data-e-type=\"widget\" data-widget_type=\"icon-list.default\">\n\t\t\t\t<div class=\"elementor-widget-container\">\n\t\t\t\t\t\t\t<ul class=\"elementor-icon-list-items\">\n\t\t\t\t\t\t\t<li class=\"elementor-icon-list-item\">\n\t\t\t\t\t\t\t\t\t\t\t<a href=\"https:\/\/bd-process.com\/de\/leistungen\/recycling\/\">\n\n\t\t\t\t\t\t\t\t\t\t\t\t<span class=\"elementor-icon-list-icon\">\n\t\t\t\t\t\t\t<i aria-hidden=\"true\" class=\"fas fa-chevron-right\"><\/i>\t\t\t\t\t\t<\/span>\n\t\t\t\t\t\t\t\t\t\t<span class=\"elementor-icon-list-text\">Recycling<\/span>\n\t\t\t\t\t\t\t\t\t\t\t<\/a>\n\t\t\t\t\t\t\t\t\t<\/li>\n\t\t\t\t\t\t\t\t<li class=\"elementor-icon-list-item\">\n\t\t\t\t\t\t\t\t\t\t\t<a href=\"https:\/\/bd-process.com\/de\/leistungen\/aufbereitungsanlagen-fuer-sand-und-kies\/kiesaufbereitung\/\">\n\n\t\t\t\t\t\t\t\t\t\t\t\t<span class=\"elementor-icon-list-icon\">\n\t\t\t\t\t\t\t<i aria-hidden=\"true\" class=\"fas fa-chevron-right\"><\/i>\t\t\t\t\t\t<\/span>\n\t\t\t\t\t\t\t\t\t\t<span class=\"elementor-icon-list-text\">Kiesaufbereitung<\/span>\n\t\t\t\t\t\t\t\t\t\t\t<\/a>\n\t\t\t\t\t\t\t\t\t<\/li>\n\t\t\t\t\t\t\t\t<li class=\"elementor-icon-list-item\">\n\t\t\t\t\t\t\t\t\t\t\t<a href=\"https:\/\/bd-process.com\/de\/leistungen\/bodenwaesche\/\">\n\n\t\t\t\t\t\t\t\t\t\t\t\t<span class=\"elementor-icon-list-icon\">\n\t\t\t\t\t\t\t<i aria-hidden=\"true\" class=\"fas fa-chevron-right\"><\/i>\t\t\t\t\t\t<\/span>\n\t\t\t\t\t\t\t\t\t\t<span class=\"elementor-icon-list-text\">Bodenw\u00e4sche<\/span>\n\t\t\t\t\t\t\t\t\t\t\t<\/a>\n\t\t\t\t\t\t\t\t\t<\/li>\n\t\t\t\t\t\t<\/ul>\n\t\t\t\t\t\t<\/div>\n\t\t\t\t<\/div>\n\t\t\t\t\t<\/div>\n\t\t\t\t<\/div>\n\t\t\t\t\t<\/div>\n\t\t\t\t<\/div>\n\t\t\t\t\t<\/div>\n\t\t\t\t<\/div>\n\t\t\t\t<\/div>\n\t\t","protected":false},"excerpt":{"rendered":"<p>Schwertw\u00e4schen werden als Einwellen- oder als Doppelwellenschwertw\u00e4schen ausgef\u00fchrt und sind zum Waschen\/Reinigen von stark verschmutzten Kies, Schotter oder Recyclingmaterial mit einer maximalen Korngr\u00f6\u00dfe von 80 mm einsetzbar. Spezifikationen Die gegenl\u00e4ufigen Schwerter l\u00f6sen anhaftende Verschmutzungen ab und f\u00f6rdern das gereinigte Material durch den Trog Richtung Abwurf. Die Schwertw\u00e4schen sind in der Regel mit Bebrausungsrohren von oben [&hellip;]<\/p>\n","protected":false},"author":1,"featured_media":0,"parent":1898,"menu_order":0,"comment_status":"closed","ping_status":"closed","template":"","meta":{"_acf_changed":false,"footnotes":""},"class_list":["post-548","page","type-page","status-publish","hentry"],"acf":[],"_links":{"self":[{"href":"https:\/\/bd-process.com\/de\/wp-json\/wp\/v2\/pages\/548","targetHints":{"allow":["GET"]}}],"collection":[{"href":"https:\/\/bd-process.com\/de\/wp-json\/wp\/v2\/pages"}],"about":[{"href":"https:\/\/bd-process.com\/de\/wp-json\/wp\/v2\/types\/page"}],"author":[{"embeddable":true,"href":"https:\/\/bd-process.com\/de\/wp-json\/wp\/v2\/users\/1"}],"replies":[{"embeddable":true,"href":"https:\/\/bd-process.com\/de\/wp-json\/wp\/v2\/comments?post=548"}],"version-history":[{"count":10,"href":"https:\/\/bd-process.com\/de\/wp-json\/wp\/v2\/pages\/548\/revisions"}],"predecessor-version":[{"id":1802,"href":"https:\/\/bd-process.com\/de\/wp-json\/wp\/v2\/pages\/548\/revisions\/1802"}],"up":[{"embeddable":true,"href":"https:\/\/bd-process.com\/de\/wp-json\/wp\/v2\/pages\/1898"}],"wp:attachment":[{"href":"https:\/\/bd-process.com\/de\/wp-json\/wp\/v2\/media?parent=548"}],"curies":[{"name":"wp","href":"https:\/\/api.w.org\/{rel}","templated":true}]}}