{"id":560,"date":"2024-02-07T15:08:30","date_gmt":"2024-02-07T14:08:30","guid":{"rendered":"http:\/\/relaunch.bd-process.de\/?page_id=560"},"modified":"2024-05-16T16:54:31","modified_gmt":"2024-05-16T14:54:31","slug":"firmenprofil","status":"publish","type":"page","link":"https:\/\/bd-process.com\/de\/unternehmen\/firmenprofil\/","title":{"rendered":"Firmenprofil"},"content":{"rendered":"\t\t<div data-elementor-type=\"wp-post\" data-elementor-id=\"560\" class=\"elementor elementor-560\" data-elementor-post-type=\"page\">\n\t\t\t\t<div class=\"elementor-element elementor-element-2514698 e-flex e-con-boxed e-con e-parent\" data-id=\"2514698\" data-element_type=\"container\" data-e-type=\"container\" data-settings=\"{&quot;background_background&quot;:&quot;classic&quot;}\">\n\t\t\t\t\t<div class=\"e-con-inner\">\n\t\t<div class=\"elementor-element elementor-element-4892c41 e-con-full e-flex e-con e-child\" data-id=\"4892c41\" data-element_type=\"container\" data-e-type=\"container\" data-settings=\"{&quot;background_background&quot;:&quot;classic&quot;}\">\n\t\t\t\t<div class=\"elementor-element elementor-element-a4fb033 elementor-widget elementor-widget-heading\" data-id=\"a4fb033\" data-element_type=\"widget\" data-e-type=\"widget\" data-widget_type=\"heading.default\">\n\t\t\t\t<div class=\"elementor-widget-container\">\n\t\t\t\t\t<h1 class=\"elementor-heading-title elementor-size-default\">Firmenprofil<\/h1>\t\t\t\t<\/div>\n\t\t\t\t<\/div>\n\t\t\t\t<div class=\"elementor-element elementor-element-110597a elementor-widget-divider--view-line elementor-widget elementor-widget-divider\" data-id=\"110597a\" data-element_type=\"widget\" data-e-type=\"widget\" data-widget_type=\"divider.default\">\n\t\t\t\t<div class=\"elementor-widget-container\">\n\t\t\t\t\t\t\t<div class=\"elementor-divider\">\n\t\t\t<span class=\"elementor-divider-separator\">\n\t\t\t\t\t\t<\/span>\n\t\t<\/div>\n\t\t\t\t\t\t<\/div>\n\t\t\t\t<\/div>\n\t\t\t\t<div class=\"elementor-element elementor-element-1de653d elementor-widget elementor-widget-text-editor\" data-id=\"1de653d\" data-element_type=\"widget\" data-e-type=\"widget\" data-widget_type=\"text-editor.default\">\n\t\t\t\t<div class=\"elementor-widget-container\">\n\t\t\t\t\t\t\t\t\t<p>B &amp; D Process Equipment B.V. mit Standorten in Rotterdam und M\u00fclheim an der Ruhr projektiert und fertigt ma\u00dfgeschneiderte Anlagen und Ger\u00e4te zur nassmechanischen Aufbereitung.<\/p><p>Als Spezialist f\u00fcr individuelle und innovative L\u00f6sungen beliefern wir Kunden der Industriefelder Sand- und Kies, Recycling, Bodenaufbereitung sowie Sonderl\u00f6sungen wie z.B. Waschwasseraufbereitung f\u00fcr Zuckerr\u00fcben.<\/p><p>Hierbei blicken wir auf jahrzehntelange Erfahrung und Technologieentwicklung zur\u00fcck.<\/p>\t\t\t\t\t\t\t\t<\/div>\n\t\t\t\t<\/div>\n\t\t\t\t<\/div>\n\t\t\t\t\t<\/div>\n\t\t\t\t<\/div>\n\t\t<div class=\"elementor-element elementor-element-68da569 e-flex e-con-boxed e-con e-parent\" data-id=\"68da569\" data-element_type=\"container\" data-e-type=\"container\">\n\t\t\t\t\t<div class=\"e-con-inner\">\n\t\t\t\t<div class=\"elementor-element elementor-element-df7bbd5 elementor-widget elementor-widget-heading\" data-id=\"df7bbd5\" data-element_type=\"widget\" data-e-type=\"widget\" data-widget_type=\"heading.default\">\n\t\t\t\t<div class=\"elementor-widget-container\">\n\t\t\t\t\t<h2 class=\"elementor-heading-title elementor-size-default\">B &amp; D Process Equipment B.V.<\/h2>\t\t\t\t<\/div>\n\t\t\t\t<\/div>\n\t\t\t\t<div class=\"elementor-element elementor-element-c00ecd5 elementor-widget-divider--view-line elementor-widget elementor-widget-divider\" data-id=\"c00ecd5\" data-element_type=\"widget\" data-e-type=\"widget\" data-widget_type=\"divider.default\">\n\t\t\t\t<div class=\"elementor-widget-container\">\n\t\t\t\t\t\t\t<div class=\"elementor-divider\">\n\t\t\t<span class=\"elementor-divider-separator\">\n\t\t\t\t\t\t<\/span>\n\t\t<\/div>\n\t\t\t\t\t\t<\/div>\n\t\t\t\t<\/div>\n\t\t\t\t<div class=\"elementor-element elementor-element-e213456 elementor-widget elementor-widget-text-editor\" data-id=\"e213456\" data-element_type=\"widget\" data-e-type=\"widget\" data-widget_type=\"text-editor.default\">\n\t\t\t\t<div class=\"elementor-widget-container\">\n\t\t\t\t\t\t\t\t\t<div class=\"faux\"><div id=\"idTextPanel\" class=\"jqDnR\"><p>Wir sind der offizielle Distributor und Vertragspartner f\u00fcr LINATEX-Produkte in BENELUX und die Sand- und Kies-Industrie in Deutschland.<\/p><p>Unsere besondere St\u00e4rke, die Ausarbeitung kundenspezifischer Probleml\u00f6sungen, wird durch ein umfassend ausgestattetes Technikum mit station\u00e4rem und mobilem Versuchsstand unterst\u00fctzt. Schwerpunkt unserer Aktivit\u00e4ten ist der Bau moderner Aufbereitungs-Anlagen mit einer eigens entwickelten automatisierten Steuerung, mit der sich &#8218;Sande nach Rezept&#8216; herstellen lassen. Mit dieser Technik werden die Sandvorkommen effizient und unabh\u00e4ngig von Schwankungen im Rohmaterial genutzt.<\/p><p>Mit gro\u00dfem Erfolg haben wir auch das patentierte &#8218;In-Line Blending&#8216;- Verfahren europaweit eingesetzt. Unser Service ist in dringenden F\u00e4llen stets f\u00fcr Sie erreichbar.<\/p><p>Wir bevorraten alle g\u00e4ngigen Ersatzteile f\u00fcr unsere Produkte an unseren Standorten in Deutschland und Niederlande.<\/p><\/div><\/div>\t\t\t\t\t\t\t\t<\/div>\n\t\t\t\t<\/div>\n\t\t\t\t\t<\/div>\n\t\t\t\t<\/div>\n\t\t<div class=\"elementor-element elementor-element-44bea8c e-flex e-con-boxed e-con e-parent\" data-id=\"44bea8c\" data-element_type=\"container\" data-e-type=\"container\" data-settings=\"{&quot;background_background&quot;:&quot;classic&quot;}\">\n\t\t\t\t\t<div class=\"e-con-inner\">\n\t\t\t\t<div class=\"elementor-element elementor-element-c060add elementor-widget__width-auto elementor-widget elementor-widget-heading\" data-id=\"c060add\" data-element_type=\"widget\" data-e-type=\"widget\" data-widget_type=\"heading.default\">\n\t\t\t\t<div class=\"elementor-widget-container\">\n\t\t\t\t\t<h2 class=\"elementor-heading-title elementor-size-default\">Nachhaltigkeit aus Prinzip<\/h2>\t\t\t\t<\/div>\n\t\t\t\t<\/div>\n\t\t\t\t<div class=\"elementor-element elementor-element-3fae168 elementor-widget-divider--view-line elementor-widget elementor-widget-divider\" data-id=\"3fae168\" data-element_type=\"widget\" data-e-type=\"widget\" data-widget_type=\"divider.default\">\n\t\t\t\t<div class=\"elementor-widget-container\">\n\t\t\t\t\t\t\t<div class=\"elementor-divider\">\n\t\t\t<span class=\"elementor-divider-separator\">\n\t\t\t\t\t\t<\/span>\n\t\t<\/div>\n\t\t\t\t\t\t<\/div>\n\t\t\t\t<\/div>\n\t\t<div class=\"elementor-element elementor-element-bff1f43 e-flex e-con-boxed e-con e-child\" data-id=\"bff1f43\" data-element_type=\"container\" data-e-type=\"container\">\n\t\t\t\t\t<div class=\"e-con-inner\">\n\t\t<div class=\"elementor-element elementor-element-a33c85b e-flex e-con-boxed e-con e-child\" data-id=\"a33c85b\" data-element_type=\"container\" data-e-type=\"container\">\n\t\t\t\t\t<div class=\"e-con-inner\">\n\t\t\t\t<div class=\"elementor-element elementor-element-93bca3d elementor-widget elementor-widget-text-editor\" data-id=\"93bca3d\" data-element_type=\"widget\" data-e-type=\"widget\" data-widget_type=\"text-editor.default\">\n\t\t\t\t<div class=\"elementor-widget-container\">\n\t\t\t\t\t\t\t\t\t<div class=\"faux\"><div id=\"idTextPanel\" class=\"jqDnR\"><div class=\"faux\"><div id=\"idTextPanel\" class=\"jqDnR\">Als ein Unternehmen der Schauenburg International Gruppe zeigen wir nicht nur im Umgang mit Ressourcen h\u00f6chste Sensibilit\u00e4t, sondern \u00fcbernehmen neben \u00f6konomischer auch gesellschaftliche und \u00f6kologische Verantwortung.<\/div><\/div><div>\u00a0<\/div><div>Im Rahmen dieser setzen wir Ma\u00dfnahmen unter Ber\u00fccksichtigung der ESG-Kriterien (<strong>E<\/strong>nvironmental, <strong>S<\/strong>ocial, <strong>G<\/strong>overnance) um.<\/div><div class=\"faux\"><div>\u00a0<\/div><\/div><\/div><\/div>\t\t\t\t\t\t\t\t<\/div>\n\t\t\t\t<\/div>\n\t\t\t\t<div class=\"elementor-element elementor-element-7e55c8a elementor-view-default elementor-widget elementor-widget-icon\" data-id=\"7e55c8a\" data-element_type=\"widget\" data-e-type=\"widget\" data-widget_type=\"icon.default\">\n\t\t\t\t<div class=\"elementor-widget-container\">\n\t\t\t\t\t\t\t<div class=\"elementor-icon-wrapper\">\n\t\t\t<div class=\"elementor-icon\">\n\t\t\t<svg xmlns=\"http:\/\/www.w3.org\/2000\/svg\" id=\"uuid-b27e0f03-3913-411f-9a4f-5bdc2180c6f1\" viewBox=\"0 0 101.72 141.73\"><defs><style>.uuid-19ca2f0e-ecc1-4679-81ac-478e35671610{fill:auto;fill-rule:evenodd;stroke-width:0px;}<\/style><\/defs><g id=\"uuid-458f0dc8-186e-41af-a4fb-ab03c218de7a\"><path class=\"uuid-19ca2f0e-ecc1-4679-81ac-478e35671610\" d=\"M58.51,71.19l.66,10.78c-2.67.72-4.25.89-6.52,2.54-2.23,1.61-3.3,2.66-4.62,4.57-3.49-.02-6.94-1.35-11.13,2.6-1.27,1.19-1.53,1.5-1.04,3.68,3.4,1.57,3.02-.86,5.82-2.14,3.57-1.64,5.33.88,8.15.3.5-.27,4.54-9.03,13.93-7.86,5.06.63,7.59,3.27,9.89,6.74,1.1,1.66,2.31.98,4.47,1.18,2.63.24,7.62,4.09,7.26-.29-.2-2.43-5.15-3.39-7.38-3.75-3.55-.58-2.51-4.13-9.88-6.83-1.56-.57-3.11-.57-4.52-1.03-1.03-1.84-1.42-9.7-1.24-12.5.18-2.8,1.98-4.72,1.96-12.19-.02-10.16-4.6-16.21-11.75-19.71-7.09-3.47-16.15-5.53-25.95-5.51h-.3c-2.1,0-2.5.37-2.53,2.58-.11,8.26,2.36,21.07,6.75,27.91,1.74,2.71,1.97,3.12,4.49,5.35,8.79,7.76,21.9,3.22,23.48,3.59h0ZM69.68,57.35h0c-1.04-3.5,1.48-3.56,4.04-6.75,3.71-.13,3.61,2.03,1.19,4.38-1.63,1.59-2.24,3.37-5.23,2.37h0ZM57.61,29.59h0c0-4.04,4.06-4.16,4.06,0,0,2.98.52,5.71-2.03,5.75-2.69.05-2.02-2.37-2.02-5.75h0ZM42.83,28.25h0c4.66,2.5,2.58-2.61,7.89-11.45,1.36-2.26,2.45-3.96,4.07-6.03,1.16-1.49,3.3-4.93,4.85-5.6,1.61.74,6.12,7.16,7.33,9.04,4.97,7.73,5.82,13.32,6.3,13.98.5.67,1.89,1.06,2.78.26,2.85-2.57-4.94-15.19-6.43-17.46-2.01-3.05-4.91-6.63-7.24-9.13-3.41-3.66-4.07-1.7-9.03,4.18-2.55,3.02-12.08,16.38-10.53,22.22h0ZM64.34,38.96h0c5.89-4.87,18.11-6.93,26.84-7.31,2.68-.12,4.37-.49,4.43,2.38.07,3.27-.65,9.29-1.28,12.43-2.66,13.11-7.65,24.8-22.17,25.7-3.06.19-3.76.4-5.43-1.08-.09-3.56,1.61-2.76,4.84-2.86,2.14-.07,4.23-.57,6.08-1.28,10.35-3.96,13.85-21.43,13.69-31.22-7.2.1-15.59,1.72-21.76,4.66-2.19,1.05-5.32,2.97-5.24-1.41h0ZM.02,115.1H.02c1.45-1.36,3.87-2.39,5.79-3.33,5.95-2.92,6.85-2.8,11.7-6.78,10.51-8.62,25.68-4.32,35.36,1,3.26,1.79,3.27,1.1,6.58-.13,2.39-.89,4.09-2.04,7.03-2.05,8-.01,6.83,4.99,9.87,2.91,3.02-2.06,10.97-8.32,14.23-8.72,2.94-.36,5.7.28,7.62,1.65,1.42,1,3.68,3.16,3.51,5.82-.17,2.62-2.68,3.75-4.31,5.01-4.89,3.79-10.8,7.44-16.09,11.59-6.05,4.75-14.94,12.62-22.78,14.18-11.42,2.28-19.69-1.31-31.88-3.47-4.06-.72-4.43-.44-7.73.99l-12.47,5.98c-2.21,1.16-3.9,2.86-6.27,1.39-.31-1.64-.33-2.57,1.08-3.29,4.73-2.41,18.03-9.39,21.78-9.5,7.08-.21,22.95,5.69,30.85,4.68,10.08-1.29,15.02-6.5,23.07-12.68,2.86-2.19,19.96-14.3,20.6-15.2-.45-2.11-2.79-3.32-5.16-3.32-2.84,0-3.9,1.53-5.71,2.65-1.27.78-9.22,6.06-9.62,6.79-1.11,2.02.34,2.63-3.64,4.63-1.82.91-3.55,1.71-5.52,2.57-3.76,1.63-7.07,4.36-12.12,4.36l-12.5-.08c-2.01-.01-4.35.53-4.66-1.53-.39-2.68,1.77-2.39,3.76-2.4l8.63.04c7.05.08,6.18.48,13.53-3.17,2.58-1.28,5.52-2.85,8-3.84-.28-3.43-5.14-4.71-8.77-3.42-2.69.95-6.86,3.56-9.89,2.46-4.84-1.75-8.89-5.54-18.76-6.77-4.21-.53-7.93.1-11.02,1.51-1.69.77-2.78,1.46-4.07,2.46-1.31,1.01-2.23,2.04-3.46,2.81-2.56,1.61-5.82,2.91-8.49,4.28-2,1.02-5.59,3.22-7.23,2.44-.94-.44-.86-1.27-.83-2.52H.02ZM56.29,67.31h0c-8.91,2.34-17.26.8-22.29-7.02-3.32-5.16-6.34-16.55-6.03-24.55,8.06-.18,19.25,2.69,24.67,6.21,3.42,2.23,5.39,4.44,6.86,8.64.72,2.06,1.71,11.44-.6,13.36l-7.23-7.34c-1.11-1.12-2.39-2.14-3.61-3.5-1.32-1.47-2.08-2.93-4.72-2.32-1.57,2.55.06,3.23,1.63,4.8,1.36,1.35,2.34,2.44,3.86,3.87,1.4,1.32,7.16,6.85,7.46,7.84Z\"><\/path><\/g><\/svg>\t\t\t<\/div>\n\t\t<\/div>\n\t\t\t\t\t\t<\/div>\n\t\t\t\t<\/div>\n\t\t\t\t\t<\/div>\n\t\t\t\t<\/div>\n\t\t<div class=\"elementor-element elementor-element-12a78f6 e-flex e-con-boxed e-con e-child\" data-id=\"12a78f6\" data-element_type=\"container\" data-e-type=\"container\">\n\t\t\t\t\t<div class=\"e-con-inner\">\n\t\t\t\t<div class=\"elementor-element elementor-element-e6e7b7b elementor-widget elementor-widget-text-editor\" data-id=\"e6e7b7b\" data-element_type=\"widget\" data-e-type=\"widget\" data-widget_type=\"text-editor.default\">\n\t\t\t\t<div class=\"elementor-widget-container\">\n\t\t\t\t\t\t\t\t\t<div class=\"faux\"><div id=\"idTextPanel\" class=\"jqDnR\"><ul><li>Unsere Firmenzentrale in Rotterdam ist vollst\u00e4ndig mit Photovoltaik-Anlagen ausgestattet.<\/li><li>Die von uns produzierten Anlagen liefern Sand- und Kies, welche wichtige Grundstoffe z.B. beim Bau von modernen Windr\u00e4dern sind.<\/li><li>Unsere Verpflichtung zu qualitativ hochwertigen Sand- und Kiesprodukten geht Hand in Hand mit einem starken Fokus auf Umweltschutz.<\/li><li>Wir setzen auf modernste Verarbeitungsmethoden, um maximale Produktqualit\u00e4t zu gew\u00e4hrleisten und die Umweltauswirkungen zu minimieren.<\/li><li>Zus\u00e4tzlich engagieren wir uns intensiv f\u00fcr die Renaturierung abgebauter Fl\u00e4chen, um lokale Lebensr\u00e4ume zu sch\u00fctzen und wiederherzustellen.<\/li><li>Gemeinsam mit unseren Partnern streben wir eine gr\u00fcne Zukunft an, indem wir nicht nur Standards setzen, sondern auch aktiv zur positiven Ver\u00e4nderung in der Sand- und Kiesbranche beitragen.<\/li><\/ul><\/div><\/div>\t\t\t\t\t\t\t\t<\/div>\n\t\t\t\t<\/div>\n\t\t\t\t\t<\/div>\n\t\t\t\t<\/div>\n\t\t\t\t\t<\/div>\n\t\t\t\t<\/div>\n\t\t\t\t\t<\/div>\n\t\t\t\t<\/div>\n\t\t\t\t<\/div>\n\t\t","protected":false},"excerpt":{"rendered":"<p>B &amp; D Process Equipment B.V. mit Standorten in Rotterdam und M\u00fclheim an der Ruhr projektiert und fertigt ma\u00dfgeschneiderte Anlagen und Ger\u00e4te zur nassmechanischen Aufbereitung. Als Spezialist f\u00fcr individuelle und innovative L\u00f6sungen beliefern wir Kunden der Industriefelder Sand- und Kies, Recycling, Bodenaufbereitung sowie Sonderl\u00f6sungen wie z.B. Waschwasseraufbereitung f\u00fcr Zuckerr\u00fcben. Hierbei blicken wir auf jahrzehntelange Erfahrung [&hellip;]<\/p>\n","protected":false},"author":1,"featured_media":0,"parent":1900,"menu_order":0,"comment_status":"closed","ping_status":"closed","template":"","meta":{"_acf_changed":false,"footnotes":""},"class_list":["post-560","page","type-page","status-publish","hentry"],"acf":[],"_links":{"self":[{"href":"https:\/\/bd-process.com\/de\/wp-json\/wp\/v2\/pages\/560","targetHints":{"allow":["GET"]}}],"collection":[{"href":"https:\/\/bd-process.com\/de\/wp-json\/wp\/v2\/pages"}],"about":[{"href":"https:\/\/bd-process.com\/de\/wp-json\/wp\/v2\/types\/page"}],"author":[{"embeddable":true,"href":"https:\/\/bd-process.com\/de\/wp-json\/wp\/v2\/users\/1"}],"replies":[{"embeddable":true,"href":"https:\/\/bd-process.com\/de\/wp-json\/wp\/v2\/comments?post=560"}],"version-history":[{"count":10,"href":"https:\/\/bd-process.com\/de\/wp-json\/wp\/v2\/pages\/560\/revisions"}],"predecessor-version":[{"id":1904,"href":"https:\/\/bd-process.com\/de\/wp-json\/wp\/v2\/pages\/560\/revisions\/1904"}],"up":[{"embeddable":true,"href":"https:\/\/bd-process.com\/de\/wp-json\/wp\/v2\/pages\/1900"}],"wp:attachment":[{"href":"https:\/\/bd-process.com\/de\/wp-json\/wp\/v2\/media?parent=560"}],"curies":[{"name":"wp","href":"https:\/\/api.w.org\/{rel}","templated":true}]}}