{"id":566,"date":"2024-02-07T15:12:35","date_gmt":"2024-02-07T14:12:35","guid":{"rendered":"http:\/\/relaunch.bd-process.de\/?page_id=566"},"modified":"2024-08-22T08:32:47","modified_gmt":"2024-08-22T06:32:47","slug":"schauenburg-international-gruppe","status":"publish","type":"page","link":"https:\/\/bd-process.com\/de\/unternehmen\/schauenburg-international-gruppe\/","title":{"rendered":"Schauenburg International Gruppe"},"content":{"rendered":"\t\t<div data-elementor-type=\"wp-post\" data-elementor-id=\"566\" class=\"elementor elementor-566\" data-elementor-post-type=\"page\">\n\t\t\t\t<div class=\"elementor-element elementor-element-2514698 e-flex e-con-boxed e-con e-parent\" data-id=\"2514698\" data-element_type=\"container\" data-e-type=\"container\" data-settings=\"{&quot;background_background&quot;:&quot;classic&quot;}\">\n\t\t\t\t\t<div class=\"e-con-inner\">\n\t\t<div class=\"elementor-element elementor-element-4892c41 e-con-full e-flex e-con e-child\" data-id=\"4892c41\" data-element_type=\"container\" data-e-type=\"container\" data-settings=\"{&quot;background_background&quot;:&quot;classic&quot;}\">\n\t\t\t\t<div class=\"elementor-element elementor-element-a4fb033 elementor-widget elementor-widget-heading\" data-id=\"a4fb033\" data-element_type=\"widget\" data-e-type=\"widget\" data-widget_type=\"heading.default\">\n\t\t\t\t<div class=\"elementor-widget-container\">\n\t\t\t\t\t<h1 class=\"elementor-heading-title elementor-size-default\">Schauenburg International Gruppe<\/h1>\t\t\t\t<\/div>\n\t\t\t\t<\/div>\n\t\t\t\t<div class=\"elementor-element elementor-element-110597a elementor-widget-divider--view-line elementor-widget elementor-widget-divider\" data-id=\"110597a\" data-element_type=\"widget\" data-e-type=\"widget\" data-widget_type=\"divider.default\">\n\t\t\t\t<div class=\"elementor-widget-container\">\n\t\t\t\t\t\t\t<div class=\"elementor-divider\">\n\t\t\t<span class=\"elementor-divider-separator\">\n\t\t\t\t\t\t<\/span>\n\t\t<\/div>\n\t\t\t\t\t\t<\/div>\n\t\t\t\t<\/div>\n\t\t\t\t<div class=\"elementor-element elementor-element-1de653d elementor-widget elementor-widget-text-editor\" data-id=\"1de653d\" data-element_type=\"widget\" data-e-type=\"widget\" data-widget_type=\"text-editor.default\">\n\t\t\t\t<div class=\"elementor-widget-container\">\n\t\t\t\t\t\t\t\t\t<p><span lang=\"EN-US\">B&amp;D Process Equipment B.V.\u00a0 <\/span> ist eine Schwestergesellschaft von Schauenburg MAB mit Sitz in M\u00fclheim an der Ruhr.<\/p>\t\t\t\t\t\t\t\t<\/div>\n\t\t\t\t<\/div>\n\t\t\t\t<\/div>\n\t\t\t\t\t<\/div>\n\t\t\t\t<\/div>\n\t\t<div class=\"elementor-element elementor-element-68da569 e-flex e-con-boxed e-con e-parent\" data-id=\"68da569\" data-element_type=\"container\" data-e-type=\"container\">\n\t\t\t\t\t<div class=\"e-con-inner\">\n\t\t\t\t<div class=\"elementor-element elementor-element-df7bbd5 elementor-widget elementor-widget-heading\" data-id=\"df7bbd5\" data-element_type=\"widget\" data-e-type=\"widget\" data-widget_type=\"heading.default\">\n\t\t\t\t<div class=\"elementor-widget-container\">\n\t\t\t\t\t<h2 class=\"elementor-heading-title elementor-size-default\">Unternehmen mit Tradition<\/h2>\t\t\t\t<\/div>\n\t\t\t\t<\/div>\n\t\t\t\t<div class=\"elementor-element elementor-element-c00ecd5 elementor-widget-divider--view-line elementor-widget elementor-widget-divider\" data-id=\"c00ecd5\" data-element_type=\"widget\" data-e-type=\"widget\" data-widget_type=\"divider.default\">\n\t\t\t\t<div class=\"elementor-widget-container\">\n\t\t\t\t\t\t\t<div class=\"elementor-divider\">\n\t\t\t<span class=\"elementor-divider-separator\">\n\t\t\t\t\t\t<\/span>\n\t\t<\/div>\n\t\t\t\t\t\t<\/div>\n\t\t\t\t<\/div>\n\t\t\t\t<div class=\"elementor-element elementor-element-e213456 elementor-widget elementor-widget-text-editor\" data-id=\"e213456\" data-element_type=\"widget\" data-e-type=\"widget\" data-widget_type=\"text-editor.default\">\n\t\t\t\t<div class=\"elementor-widget-container\">\n\t\t\t\t\t\t\t\t\t<div class=\"faux\"><div id=\"idTextPanel\" class=\"jqDnR\"><p>Gemeinsam sind wir Teil der SCHAUENBURG INTERNATIONAL GRUPPE, einem Familienunternehmen, das in der Industrie Tradition hat. SCHAUENBURG International ist ein strategischer Family-Equity-Investor, der in profitable, etablierte Industrieunternehmen und vielversprechende Technologieunternehmen investiert.<\/p><p>Als Holding unterst\u00fctzt SCHAUENBURG International Industrieunternehmen dabei, Markt- und Technologief\u00fchrer zu werden. Mit SCHAUENBURG Ventures werden zukunftssichere Technologien nachhaltig und wachstumsorientiert gef\u00f6rdert.<\/p><p>Erfahren Sie mehr \u00fcber die <strong><a href=\"http:\/\/www.schauenburg-mab.com\" target=\"_blank\" rel=\"noopener\">SCHAUENBURG MAB GMBH<\/a><\/strong> und <a href=\"https:\/\/schauenburg-international.com\/\" target=\"_blank\" rel=\"noopener\"><strong>SCHAUENBURG<\/strong><strong> INTERNATIONAL<\/strong><\/a><strong>.<\/strong><\/p><\/div><\/div>\t\t\t\t\t\t\t\t<\/div>\n\t\t\t\t<\/div>\n\t\t\t\t\t<\/div>\n\t\t\t\t<\/div>\n\t\t\t\t<\/div>\n\t\t","protected":false},"excerpt":{"rendered":"<p>B&amp;D Process Equipment B.V.\u00a0 ist eine Schwestergesellschaft von Schauenburg MAB mit Sitz in M\u00fclheim an der Ruhr. Unternehmen mit Tradition Gemeinsam sind wir Teil der SCHAUENBURG INTERNATIONAL GRUPPE, einem Familienunternehmen, das in der Industrie Tradition hat. SCHAUENBURG International ist ein strategischer Family-Equity-Investor, der in profitable, etablierte Industrieunternehmen und vielversprechende Technologieunternehmen investiert. Als Holding unterst\u00fctzt SCHAUENBURG [&hellip;]<\/p>\n","protected":false},"author":1,"featured_media":0,"parent":1900,"menu_order":0,"comment_status":"closed","ping_status":"closed","template":"","meta":{"_acf_changed":false,"footnotes":""},"class_list":["post-566","page","type-page","status-publish","hentry"],"acf":[],"_links":{"self":[{"href":"https:\/\/bd-process.com\/de\/wp-json\/wp\/v2\/pages\/566","targetHints":{"allow":["GET"]}}],"collection":[{"href":"https:\/\/bd-process.com\/de\/wp-json\/wp\/v2\/pages"}],"about":[{"href":"https:\/\/bd-process.com\/de\/wp-json\/wp\/v2\/types\/page"}],"author":[{"embeddable":true,"href":"https:\/\/bd-process.com\/de\/wp-json\/wp\/v2\/users\/1"}],"replies":[{"embeddable":true,"href":"https:\/\/bd-process.com\/de\/wp-json\/wp\/v2\/comments?post=566"}],"version-history":[{"count":10,"href":"https:\/\/bd-process.com\/de\/wp-json\/wp\/v2\/pages\/566\/revisions"}],"predecessor-version":[{"id":3212,"href":"https:\/\/bd-process.com\/de\/wp-json\/wp\/v2\/pages\/566\/revisions\/3212"}],"up":[{"embeddable":true,"href":"https:\/\/bd-process.com\/de\/wp-json\/wp\/v2\/pages\/1900"}],"wp:attachment":[{"href":"https:\/\/bd-process.com\/de\/wp-json\/wp\/v2\/media?parent=566"}],"curies":[{"name":"wp","href":"https:\/\/api.w.org\/{rel}","templated":true}]}}