{"id":799,"date":"2024-04-11T21:49:38","date_gmt":"2024-04-11T19:49:38","guid":{"rendered":"http:\/\/relaunch.bd-process.de\/?page_id=799"},"modified":"2024-05-16T16:15:17","modified_gmt":"2024-05-16T14:15:17","slug":"feinsandrueckgewinnung","status":"publish","type":"page","link":"https:\/\/bd-process.com\/de\/leistungen\/aufbereitungsanlagen-fuer-sand-und-kies\/feinsandrueckgewinnung\/","title":{"rendered":"Feinsandr\u00fcckgewinnung"},"content":{"rendered":"\t\t<div data-elementor-type=\"wp-post\" data-elementor-id=\"799\" class=\"elementor elementor-799\" data-elementor-post-type=\"page\">\n\t\t\t\t<div class=\"elementor-element elementor-element-2514698 e-flex e-con-boxed e-con e-parent\" data-id=\"2514698\" data-element_type=\"container\" data-e-type=\"container\" data-settings=\"{&quot;background_background&quot;:&quot;classic&quot;}\">\n\t\t\t\t\t<div class=\"e-con-inner\">\n\t\t<div class=\"elementor-element elementor-element-4892c41 e-con-full e-flex e-con e-child\" data-id=\"4892c41\" data-element_type=\"container\" data-e-type=\"container\" data-settings=\"{&quot;background_background&quot;:&quot;classic&quot;}\">\n\t\t\t\t<div class=\"elementor-element elementor-element-a4fb033 elementor-widget elementor-widget-heading\" data-id=\"a4fb033\" data-element_type=\"widget\" data-e-type=\"widget\" data-widget_type=\"heading.default\">\n\t\t\t\t<div class=\"elementor-widget-container\">\n\t\t\t\t\t<h1 class=\"elementor-heading-title elementor-size-default\">Feinsandr\u00fcckgewinnung<\/h1>\t\t\t\t<\/div>\n\t\t\t\t<\/div>\n\t\t\t\t<div class=\"elementor-element elementor-element-110597a elementor-widget-divider--view-line elementor-widget elementor-widget-divider\" data-id=\"110597a\" data-element_type=\"widget\" data-e-type=\"widget\" data-widget_type=\"divider.default\">\n\t\t\t\t<div class=\"elementor-widget-container\">\n\t\t\t\t\t\t\t<div class=\"elementor-divider\">\n\t\t\t<span class=\"elementor-divider-separator\">\n\t\t\t\t\t\t<\/span>\n\t\t<\/div>\n\t\t\t\t\t\t<\/div>\n\t\t\t\t<\/div>\n\t\t\t\t<div class=\"elementor-element elementor-element-1de653d elementor-widget elementor-widget-text-editor\" data-id=\"1de653d\" data-element_type=\"widget\" data-e-type=\"widget\" data-widget_type=\"text-editor.default\">\n\t\t\t\t<div class=\"elementor-widget-container\">\n\t\t\t\t\t\t\t\t\t<p>Feinsandr\u00fcckgewinnungen sind kleinere Anlagen, um das zur Verf\u00fcgung stehende Rohmaterial optimal auszunutzen. Dieser Bautyp findet Anwendung in vorhandenen und neuen Aufbereitungsanlagen. In den vergangenen Jahren haben wir uns in diesem Bereich spezialisiert und bieten L\u00f6sungen f\u00fcr jeden Einsatzfall.<\/p>\t\t\t\t\t\t\t\t<\/div>\n\t\t\t\t<\/div>\n\t\t\t\t<\/div>\n\t\t\t\t\t<\/div>\n\t\t\t\t<\/div>\n\t\t<div class=\"elementor-element elementor-element-58ff5c3 e-flex e-con-boxed e-con e-parent\" data-id=\"58ff5c3\" data-element_type=\"container\" data-e-type=\"container\">\n\t\t\t\t\t<div class=\"e-con-inner\">\n\t\t\t\t<div class=\"elementor-element elementor-element-921110d elementor-widget elementor-widget-heading\" data-id=\"921110d\" data-element_type=\"widget\" data-e-type=\"widget\" data-widget_type=\"heading.default\">\n\t\t\t\t<div class=\"elementor-widget-container\">\n\t\t\t\t\t<h2 class=\"elementor-heading-title elementor-size-default\">Spezifikationen<\/h2>\t\t\t\t<\/div>\n\t\t\t\t<\/div>\n\t\t\t\t<div class=\"elementor-element elementor-element-314e072 elementor-widget-divider--view-line elementor-widget elementor-widget-divider\" data-id=\"314e072\" data-element_type=\"widget\" data-e-type=\"widget\" data-widget_type=\"divider.default\">\n\t\t\t\t<div class=\"elementor-widget-container\">\n\t\t\t\t\t\t\t<div class=\"elementor-divider\">\n\t\t\t<span class=\"elementor-divider-separator\">\n\t\t\t\t\t\t<\/span>\n\t\t<\/div>\n\t\t\t\t\t\t<\/div>\n\t\t\t\t<\/div>\n\t\t<div class=\"elementor-element elementor-element-33213ff e-flex e-con-boxed e-con e-child\" data-id=\"33213ff\" data-element_type=\"container\" data-e-type=\"container\">\n\t\t\t\t\t<div class=\"e-con-inner\">\n\t\t<div class=\"elementor-element elementor-element-cc5726a e-flex e-con-boxed e-con e-child\" data-id=\"cc5726a\" data-element_type=\"container\" data-e-type=\"container\">\n\t\t\t\t\t<div class=\"e-con-inner\">\n\t\t\t\t<div class=\"elementor-element elementor-element-e213456 elementor-widget elementor-widget-text-editor\" data-id=\"e213456\" data-element_type=\"widget\" data-e-type=\"widget\" data-widget_type=\"text-editor.default\">\n\t\t\t\t<div class=\"elementor-widget-container\">\n\t\t\t\t\t\t\t\t\t<div class=\"faux\"><div id=\"idTextPanel\" class=\"jqDnR\"><p>Die Feinsandverluste treten baulich bedingt h\u00e4ufig an Ger\u00e4ten wie Sch\u00f6pfr\u00e4dern, Sandf\u00e4ngen und Aquamatoren auf. Anstatt den Feinsand als Produkt zu verkaufen, wird dieser ins Sp\u00fclfeld geleitet und muss anschlie\u00dfend kostspielig ausgebaggert werden. Zus\u00e4tzlich sorgen Gesetzes\u00e4nderungen und genehmigungsrechtliche Verz\u00f6gerungen zu einer Verknappung des Rohstoffs, was den Marktpreis steigen l\u00e4sst.<\/p><p>Aus diesen Gr\u00fcnden ist in den vergangenen Jahren, das Leistungsfeld Feinsandr\u00fcckgewinnung und die somit optimale Rohstoffausnutzung bei den Produzenten in den Vordergrund ger\u00fcckt. In den meisten F\u00e4llen, rentiert sich die Investition in eine Feinsandr\u00fcckgewinnung innerhalb kurzer Zeit.<\/p><\/div><\/div>\t\t\t\t\t\t\t\t<\/div>\n\t\t\t\t<\/div>\n\t\t\t\t<div class=\"elementor-element elementor-element-895c243 elementor-widget elementor-widget-text-editor\" data-id=\"895c243\" data-element_type=\"widget\" data-e-type=\"widget\" data-widget_type=\"text-editor.default\">\n\t\t\t\t<div class=\"elementor-widget-container\">\n\t\t\t\t\t\t\t\t\t<div class=\"faux\"><div id=\"idTextPanel\" class=\"jqDnR\"><p>Feinsandverluste, treten an den \u00dcberl\u00e4ufen der oben genannten Ger\u00e4te auf. Auf der einen Seite wird der gesamte \u00dcberlauf in einem Pumpenzulaufbeh\u00e4ter aufgefangen und der Feinsand \u00fcber eine Pumpen\/Zyklonkombination der Entw\u00e4sserung zugef\u00fchrt. Auf der anderen Seite k\u00f6nnen insbesondere bei Sch\u00f6pfr\u00e4dern durch kleine Modifikationen Teilstr\u00f6me verwendet werden.<\/p><\/div><\/div>\t\t\t\t\t\t\t\t<\/div>\n\t\t\t\t<\/div>\n\t\t\t\t\t<\/div>\n\t\t\t\t<\/div>\n\t\t<div class=\"elementor-element elementor-element-a1cc9c2 e-flex e-con-boxed e-con e-child\" data-id=\"a1cc9c2\" data-element_type=\"container\" data-e-type=\"container\">\n\t\t\t\t\t<div class=\"e-con-inner\">\n\t\t\t\t<div class=\"elementor-element elementor-element-b52dcbd elementor-widget elementor-widget-text-editor\" data-id=\"b52dcbd\" data-element_type=\"widget\" data-e-type=\"widget\" data-widget_type=\"text-editor.default\">\n\t\t\t\t<div class=\"elementor-widget-container\">\n\t\t\t\t\t\t\t\t\t<p>Dadurch wird das Absetzverhalten im Sch\u00f6pfrad verbessert und die Feinsandverluste im \u00dcberlauf deutlich reduziert. Da bei diesem Anwendungsfall nur ein kleiner Volumenstrom \u00fcber die Pumpen\/Zyklonkombination verarbeitet wird, bietet diese Variante einen energetischen Vorteil. Durch eine an die bauliche Situation angepasste Planung, wird die vorhandene Infrastruktur optimal mit eingebunden. Um eine geringe Stillstandzeit der Anlage w\u00e4hrend der Montage zu erreichen, werden m\u00f6glichst alle Komponenten im vormontierten Zustand geliefert.<\/p>\t\t\t\t\t\t\t\t<\/div>\n\t\t\t\t<\/div>\n\t\t\t\t<div class=\"elementor-element elementor-element-9e1f0af elementor-widget elementor-widget-text-editor\" data-id=\"9e1f0af\" data-element_type=\"widget\" data-e-type=\"widget\" data-widget_type=\"text-editor.default\">\n\t\t\t\t<div class=\"elementor-widget-container\">\n\t\t\t\t\t\t\t\t\t<div class=\"faux\"><div id=\"idTextPanel\" class=\"jqDnR\"><p><strong>Folgende Produkte werden f\u00fcr die Feinsandr\u00fcckgewinnung eingesetzt:<br \/><\/strong><\/p><\/div><\/div>\t\t\t\t\t\t\t\t<\/div>\n\t\t\t\t<\/div>\n\t\t\t\t<div class=\"elementor-element elementor-element-94a7142 elementor-icon-list--layout-traditional elementor-list-item-link-full_width elementor-widget elementor-widget-icon-list\" data-id=\"94a7142\" data-element_type=\"widget\" data-e-type=\"widget\" data-widget_type=\"icon-list.default\">\n\t\t\t\t<div class=\"elementor-widget-container\">\n\t\t\t\t\t\t\t<ul class=\"elementor-icon-list-items\">\n\t\t\t\t\t\t\t<li class=\"elementor-icon-list-item\">\n\t\t\t\t\t\t\t\t\t\t\t<a href=\"https:\/\/bd-process.com\/de\/produkte\/linatex-kreiselpumpen\/\">\n\n\t\t\t\t\t\t\t\t\t\t\t\t<span class=\"elementor-icon-list-icon\">\n\t\t\t\t\t\t\t<i aria-hidden=\"true\" class=\"fas fa-chevron-right\"><\/i>\t\t\t\t\t\t<\/span>\n\t\t\t\t\t\t\t\t\t\t<span class=\"elementor-icon-list-text\">Linatex\u00ae Kreiselpumpen<\/span>\n\t\t\t\t\t\t\t\t\t\t\t<\/a>\n\t\t\t\t\t\t\t\t\t<\/li>\n\t\t\t\t\t\t\t\t<li class=\"elementor-icon-list-item\">\n\t\t\t\t\t\t\t\t\t\t\t<a href=\"https:\/\/bd-process.com\/de\/produkte\/hydrozyklone\/\">\n\n\t\t\t\t\t\t\t\t\t\t\t\t<span class=\"elementor-icon-list-icon\">\n\t\t\t\t\t\t\t<i aria-hidden=\"true\" class=\"fas fa-chevron-right\"><\/i>\t\t\t\t\t\t<\/span>\n\t\t\t\t\t\t\t\t\t\t<span class=\"elementor-icon-list-text\">Taschenzyklone<\/span>\n\t\t\t\t\t\t\t\t\t\t\t<\/a>\n\t\t\t\t\t\t\t\t\t<\/li>\n\t\t\t\t\t\t\t\t<li class=\"elementor-icon-list-item\">\n\t\t\t\t\t\t\t\t\t\t\t<a href=\"https:\/\/bd-process.com\/de\/produkte\/pumpenvorlagebehaelter\/\">\n\n\t\t\t\t\t\t\t\t\t\t\t\t<span class=\"elementor-icon-list-icon\">\n\t\t\t\t\t\t\t<i aria-hidden=\"true\" class=\"fas fa-chevron-right\"><\/i>\t\t\t\t\t\t<\/span>\n\t\t\t\t\t\t\t\t\t\t<span class=\"elementor-icon-list-text\">Pumpenvorlagebeh\u00e4lter<\/span>\n\t\t\t\t\t\t\t\t\t\t\t<\/a>\n\t\t\t\t\t\t\t\t\t<\/li>\n\t\t\t\t\t\t\t\t<li class=\"elementor-icon-list-item\">\n\t\t\t\t\t\t\t\t\t\t\t<a href=\"https:\/\/bd-process.com\/de\/produkte\/linearschwinger\/\">\n\n\t\t\t\t\t\t\t\t\t\t\t\t<span class=\"elementor-icon-list-icon\">\n\t\t\t\t\t\t\t<i aria-hidden=\"true\" class=\"fas fa-chevron-right\"><\/i>\t\t\t\t\t\t<\/span>\n\t\t\t\t\t\t\t\t\t\t<span class=\"elementor-icon-list-text\">Entw\u00e4sserungssieb<\/span>\n\t\t\t\t\t\t\t\t\t\t\t<\/a>\n\t\t\t\t\t\t\t\t\t<\/li>\n\t\t\t\t\t\t<\/ul>\n\t\t\t\t\t\t<\/div>\n\t\t\t\t<\/div>\n\t\t\t\t\t<\/div>\n\t\t\t\t<\/div>\n\t\t\t\t\t<\/div>\n\t\t\t\t<\/div>\n\t\t\t\t\t<\/div>\n\t\t\t\t<\/div>\n\t\t\t\t<\/div>\n\t\t","protected":false},"excerpt":{"rendered":"<p>Feinsandr\u00fcckgewinnungen sind kleinere Anlagen, um das zur Verf\u00fcgung stehende Rohmaterial optimal auszunutzen. Dieser Bautyp findet Anwendung in vorhandenen und neuen Aufbereitungsanlagen. In den vergangenen Jahren haben wir uns in diesem Bereich spezialisiert und bieten L\u00f6sungen f\u00fcr jeden Einsatzfall. Spezifikationen Die Feinsandverluste treten baulich bedingt h\u00e4ufig an Ger\u00e4ten wie Sch\u00f6pfr\u00e4dern, Sandf\u00e4ngen und Aquamatoren auf. Anstatt den [&hellip;]<\/p>\n","protected":false},"author":1,"featured_media":0,"parent":411,"menu_order":0,"comment_status":"closed","ping_status":"closed","template":"","meta":{"_acf_changed":false,"footnotes":""},"class_list":["post-799","page","type-page","status-publish","hentry"],"acf":[],"_links":{"self":[{"href":"https:\/\/bd-process.com\/de\/wp-json\/wp\/v2\/pages\/799","targetHints":{"allow":["GET"]}}],"collection":[{"href":"https:\/\/bd-process.com\/de\/wp-json\/wp\/v2\/pages"}],"about":[{"href":"https:\/\/bd-process.com\/de\/wp-json\/wp\/v2\/types\/page"}],"author":[{"embeddable":true,"href":"https:\/\/bd-process.com\/de\/wp-json\/wp\/v2\/users\/1"}],"replies":[{"embeddable":true,"href":"https:\/\/bd-process.com\/de\/wp-json\/wp\/v2\/comments?post=799"}],"version-history":[{"count":10,"href":"https:\/\/bd-process.com\/de\/wp-json\/wp\/v2\/pages\/799\/revisions"}],"predecessor-version":[{"id":1832,"href":"https:\/\/bd-process.com\/de\/wp-json\/wp\/v2\/pages\/799\/revisions\/1832"}],"up":[{"embeddable":true,"href":"https:\/\/bd-process.com\/de\/wp-json\/wp\/v2\/pages\/411"}],"wp:attachment":[{"href":"https:\/\/bd-process.com\/de\/wp-json\/wp\/v2\/media?parent=799"}],"curies":[{"name":"wp","href":"https:\/\/api.w.org\/{rel}","templated":true}]}}