{"id":834,"date":"2024-04-11T22:10:42","date_gmt":"2024-04-11T20:10:42","guid":{"rendered":"http:\/\/relaunch.bd-process.de\/?page_id=834"},"modified":"2024-05-16T16:15:57","modified_gmt":"2024-05-16T14:15:57","slug":"bodenwaesche","status":"publish","type":"page","link":"https:\/\/bd-process.com\/de\/leistungen\/bodenwaesche\/","title":{"rendered":"Bodenw\u00e4sche"},"content":{"rendered":"\t\t<div data-elementor-type=\"wp-post\" data-elementor-id=\"834\" class=\"elementor elementor-834\" data-elementor-post-type=\"page\">\n\t\t\t\t<div class=\"elementor-element elementor-element-2514698 e-flex e-con-boxed e-con e-parent\" data-id=\"2514698\" data-element_type=\"container\" data-e-type=\"container\" data-settings=\"{&quot;background_background&quot;:&quot;classic&quot;}\">\n\t\t\t\t\t<div class=\"e-con-inner\">\n\t\t<div class=\"elementor-element elementor-element-4892c41 e-con-full e-flex e-con e-child\" data-id=\"4892c41\" data-element_type=\"container\" data-e-type=\"container\" data-settings=\"{&quot;background_background&quot;:&quot;classic&quot;}\">\n\t\t\t\t<div class=\"elementor-element elementor-element-a4fb033 elementor-widget elementor-widget-heading\" data-id=\"a4fb033\" data-element_type=\"widget\" data-e-type=\"widget\" data-widget_type=\"heading.default\">\n\t\t\t\t<div class=\"elementor-widget-container\">\n\t\t\t\t\t<h1 class=\"elementor-heading-title elementor-size-default\">Bodenw\u00e4sche<\/h1>\t\t\t\t<\/div>\n\t\t\t\t<\/div>\n\t\t\t\t<div class=\"elementor-element elementor-element-110597a elementor-widget-divider--view-line elementor-widget elementor-widget-divider\" data-id=\"110597a\" data-element_type=\"widget\" data-e-type=\"widget\" data-widget_type=\"divider.default\">\n\t\t\t\t<div class=\"elementor-widget-container\">\n\t\t\t\t\t\t\t<div class=\"elementor-divider\">\n\t\t\t<span class=\"elementor-divider-separator\">\n\t\t\t\t\t\t<\/span>\n\t\t<\/div>\n\t\t\t\t\t\t<\/div>\n\t\t\t\t<\/div>\n\t\t\t\t<div class=\"elementor-element elementor-element-1de653d elementor-widget elementor-widget-text-editor\" data-id=\"1de653d\" data-element_type=\"widget\" data-e-type=\"widget\" data-widget_type=\"text-editor.default\">\n\t\t\t\t<div class=\"elementor-widget-container\">\n\t\t\t\t\t\t\t\t\t<p>B&amp;D liefert Ger\u00e4te und Anlagen f\u00fcr die nassmechanische Aufbereitung von kontaminierten B\u00f6den. Bodenwaschanlagen werden immer dann ben\u00f6tigt, wenn Erdreich, Baustellenabf\u00e4lle oder Baggergut mit Mineral\u00f6l, Schwermetallen, Asbest, PAK, Zyanid, Pestiziden, Chlorwasserstoffen oder weiteren Schadstoffen verunreinigt sind. Die kontaminierten Massen sollen nach der Reinigung entweder wieder eingebracht oder einer weiteren Verwendung bzw. Verwertung zugef\u00fchrt werden.<\/p>\t\t\t\t\t\t\t\t<\/div>\n\t\t\t\t<\/div>\n\t\t\t\t<\/div>\n\t\t\t\t\t<\/div>\n\t\t\t\t<\/div>\n\t\t<div class=\"elementor-element elementor-element-58ff5c3 e-flex e-con-boxed e-con e-parent\" data-id=\"58ff5c3\" data-element_type=\"container\" data-e-type=\"container\">\n\t\t\t\t\t<div class=\"e-con-inner\">\n\t\t\t\t<div class=\"elementor-element elementor-element-921110d elementor-widget elementor-widget-heading\" data-id=\"921110d\" data-element_type=\"widget\" data-e-type=\"widget\" data-widget_type=\"heading.default\">\n\t\t\t\t<div class=\"elementor-widget-container\">\n\t\t\t\t\t<h2 class=\"elementor-heading-title elementor-size-default\">Spezifikationen<\/h2>\t\t\t\t<\/div>\n\t\t\t\t<\/div>\n\t\t\t\t<div class=\"elementor-element elementor-element-314e072 elementor-widget-divider--view-line elementor-widget elementor-widget-divider\" data-id=\"314e072\" data-element_type=\"widget\" data-e-type=\"widget\" data-widget_type=\"divider.default\">\n\t\t\t\t<div class=\"elementor-widget-container\">\n\t\t\t\t\t\t\t<div class=\"elementor-divider\">\n\t\t\t<span class=\"elementor-divider-separator\">\n\t\t\t\t\t\t<\/span>\n\t\t<\/div>\n\t\t\t\t\t\t<\/div>\n\t\t\t\t<\/div>\n\t\t<div class=\"elementor-element elementor-element-33213ff e-flex e-con-boxed e-con e-child\" data-id=\"33213ff\" data-element_type=\"container\" data-e-type=\"container\">\n\t\t\t\t\t<div class=\"e-con-inner\">\n\t\t<div class=\"elementor-element elementor-element-cc5726a e-flex e-con-boxed e-con e-child\" data-id=\"cc5726a\" data-element_type=\"container\" data-e-type=\"container\">\n\t\t\t\t\t<div class=\"e-con-inner\">\n\t\t\t\t<div class=\"elementor-element elementor-element-e213456 elementor-widget elementor-widget-text-editor\" data-id=\"e213456\" data-element_type=\"widget\" data-e-type=\"widget\" data-widget_type=\"text-editor.default\">\n\t\t\t\t<div class=\"elementor-widget-container\">\n\t\t\t\t\t\t\t\t\t<div class=\"faux\"><div id=\"idTextPanel\" class=\"jqDnR\"><p>Das Funktionsprinzip unserer Bodenwaschanlagen besteht darin, Schadstoffe auf einen geringen Massenanteil zu konzentrieren, der anschlie\u00dfend separiert wird, um den Gro\u00dfteil des Aufgabegutes wiederverwerten zu k\u00f6nnen.<\/p><p>Da die Schadstoffe in der Regel auf der Oberfl\u00e4che jedes einzelnes Korns bzw. Partikels sitzen, m\u00fcssen diese erst aufgeschlossen und dann durch Abreiben abgetrennt werden.<\/p><p>Hierzu werden zun\u00e4chst die Groben St\u00f6rstoffe wie zum Beispiel Holz, Plastik oder Pflanzenreste von der Mineralik getrennt und im n\u00e4chsten Schritt die Lehmklumpen oder stark anhaftenden Bestandteile durch eine Waschtrommel oder eine Schwertw\u00e4sche aufgel\u00f6st. Danach werden die Partikel in unterschiedliche Korngr\u00f6\u00dfen (Sande und Kiese) getrennt und separat einer Dichtetrennung unterzogen. Hierzu kommen je nach Korngr\u00f6\u00dfe unterschiedliche Ger\u00e4te, wie z.B. Schwertr\u00fcbesortierer, Setzmaschinen oder Wendelscheider zum Einsatz. Die gereinigten Produkte werden separat entw\u00e4ssert und f\u00fcr die Wiederverwendung bzw. Wiedereinbringung zwischengelagert.\u00a0\u00a0<\/p><p>Da sich die Kontamination am Ende des Waschprozesse im Waschwasser bzw. im feinsten Schlamm aufkonzentriert hat, ist es besonders wichtig diesen Anteil m\u00f6glichst gering zu halten. Eine Abtrennung mit Hochleistungszyklonen auf ~ 15 \u00b5m und einer anschlie\u00dfende Schlammeindickung mittels Kl\u00e4reindickern und eine Entw\u00e4sserung mittels Kammerfilterpressen oder Zentrifugen hat sich hier bew\u00e4hrt. Am Ende wird das Waschwasser beispielweise mittels Aktivkohlefiltern oder einer weiteren chemischen Behandlung gereinigt und dem Prozess wieder zugef\u00fchrt.<\/p><\/div><\/div>\t\t\t\t\t\t\t\t<\/div>\n\t\t\t\t<\/div>\n\t\t\t\t\t<\/div>\n\t\t\t\t<\/div>\n\t\t<div class=\"elementor-element elementor-element-a1cc9c2 e-flex e-con-boxed e-con e-child\" data-id=\"a1cc9c2\" data-element_type=\"container\" data-e-type=\"container\">\n\t\t\t\t\t<div class=\"e-con-inner\">\n\t\t\t\t<div class=\"elementor-element elementor-element-9e1f0af elementor-widget elementor-widget-text-editor\" data-id=\"9e1f0af\" data-element_type=\"widget\" data-e-type=\"widget\" data-widget_type=\"text-editor.default\">\n\t\t\t\t<div class=\"elementor-widget-container\">\n\t\t\t\t\t\t\t\t\t<div class=\"faux\"><div id=\"idTextPanel\" class=\"jqDnR\"><p><strong>Folgende Produkte werden f\u00fcr die Bodenw\u00e4sche eingesetzt:<br \/><\/strong><\/p><\/div><\/div>\t\t\t\t\t\t\t\t<\/div>\n\t\t\t\t<\/div>\n\t\t\t\t<div class=\"elementor-element elementor-element-94a7142 elementor-icon-list--layout-traditional elementor-list-item-link-full_width elementor-widget elementor-widget-icon-list\" data-id=\"94a7142\" data-element_type=\"widget\" data-e-type=\"widget\" data-widget_type=\"icon-list.default\">\n\t\t\t\t<div class=\"elementor-widget-container\">\n\t\t\t\t\t\t\t<ul class=\"elementor-icon-list-items\">\n\t\t\t\t\t\t\t<li class=\"elementor-icon-list-item\">\n\t\t\t\t\t\t\t\t\t\t\t<a href=\"https:\/\/bd-process.com\/de\/produkte\/linatex-kreiselpumpen\/\">\n\n\t\t\t\t\t\t\t\t\t\t\t\t<span class=\"elementor-icon-list-icon\">\n\t\t\t\t\t\t\t<i aria-hidden=\"true\" class=\"fas fa-chevron-right\"><\/i>\t\t\t\t\t\t<\/span>\n\t\t\t\t\t\t\t\t\t\t<span class=\"elementor-icon-list-text\">Linatex\u00ae Kreiselpumpen<\/span>\n\t\t\t\t\t\t\t\t\t\t\t<\/a>\n\t\t\t\t\t\t\t\t\t<\/li>\n\t\t\t\t\t\t\t\t<li class=\"elementor-icon-list-item\">\n\t\t\t\t\t\t\t\t\t\t\t<a href=\"https:\/\/bd-process.com\/de\/produkte\/hydrozyklone\/\">\n\n\t\t\t\t\t\t\t\t\t\t\t\t<span class=\"elementor-icon-list-icon\">\n\t\t\t\t\t\t\t<i aria-hidden=\"true\" class=\"fas fa-chevron-right\"><\/i>\t\t\t\t\t\t<\/span>\n\t\t\t\t\t\t\t\t\t\t<span class=\"elementor-icon-list-text\">Hydrozyklone<\/span>\n\t\t\t\t\t\t\t\t\t\t\t<\/a>\n\t\t\t\t\t\t\t\t\t<\/li>\n\t\t\t\t\t\t\t\t<li class=\"elementor-icon-list-item\">\n\t\t\t\t\t\t\t\t\t\t\t<a href=\"https:\/\/bd-process.com\/de\/produkte\/klassiersiebmaschinen\/\">\n\n\t\t\t\t\t\t\t\t\t\t\t\t<span class=\"elementor-icon-list-icon\">\n\t\t\t\t\t\t\t<i aria-hidden=\"true\" class=\"fas fa-chevron-right\"><\/i>\t\t\t\t\t\t<\/span>\n\t\t\t\t\t\t\t\t\t\t<span class=\"elementor-icon-list-text\">Klassiersiebmaschinen<\/span>\n\t\t\t\t\t\t\t\t\t\t\t<\/a>\n\t\t\t\t\t\t\t\t\t<\/li>\n\t\t\t\t\t\t\t\t<li class=\"elementor-icon-list-item\">\n\t\t\t\t\t\t\t\t\t\t\t<span class=\"elementor-icon-list-icon\">\n\t\t\t\t\t\t\t<i aria-hidden=\"true\" class=\"fas fa-chevron-right\"><\/i>\t\t\t\t\t\t<\/span>\n\t\t\t\t\t\t\t\t\t\t<span class=\"elementor-icon-list-text\">Waschtrommeln<\/span>\n\t\t\t\t\t\t\t\t\t<\/li>\n\t\t\t\t\t\t\t\t<li class=\"elementor-icon-list-item\">\n\t\t\t\t\t\t\t\t\t\t\t<a href=\"https:\/\/bd-process.com\/de\/produkte\/schwertwaeschen\/\">\n\n\t\t\t\t\t\t\t\t\t\t\t\t<span class=\"elementor-icon-list-icon\">\n\t\t\t\t\t\t\t<i aria-hidden=\"true\" class=\"fas fa-chevron-right\"><\/i>\t\t\t\t\t\t<\/span>\n\t\t\t\t\t\t\t\t\t\t<span class=\"elementor-icon-list-text\">Doppelwellenschwertw\u00e4schen<\/span>\n\t\t\t\t\t\t\t\t\t\t\t<\/a>\n\t\t\t\t\t\t\t\t\t<\/li>\n\t\t\t\t\t\t\t\t<li class=\"elementor-icon-list-item\">\n\t\t\t\t\t\t\t\t\t\t\t<a href=\"https:\/\/bd-process.com\/de\/produkte\/aufstromklassierer\/\">\n\n\t\t\t\t\t\t\t\t\t\t\t\t<span class=\"elementor-icon-list-icon\">\n\t\t\t\t\t\t\t<i aria-hidden=\"true\" class=\"fas fa-chevron-right\"><\/i>\t\t\t\t\t\t<\/span>\n\t\t\t\t\t\t\t\t\t\t<span class=\"elementor-icon-list-text\">T-Type Aufstromklassierer<\/span>\n\t\t\t\t\t\t\t\t\t\t\t<\/a>\n\t\t\t\t\t\t\t\t\t<\/li>\n\t\t\t\t\t\t\t\t<li class=\"elementor-icon-list-item\">\n\t\t\t\t\t\t\t\t\t\t\t<a href=\"https:\/\/bd-process.com\/de\/produkte\/schwertruebesortierer\/\">\n\n\t\t\t\t\t\t\t\t\t\t\t\t<span class=\"elementor-icon-list-icon\">\n\t\t\t\t\t\t\t<i aria-hidden=\"true\" class=\"fas fa-chevron-right\"><\/i>\t\t\t\t\t\t<\/span>\n\t\t\t\t\t\t\t\t\t\t<span class=\"elementor-icon-list-text\">DMS Schwertr\u00fcbesortierer<\/span>\n\t\t\t\t\t\t\t\t\t\t\t<\/a>\n\t\t\t\t\t\t\t\t\t<\/li>\n\t\t\t\t\t\t\t\t<li class=\"elementor-icon-list-item\">\n\t\t\t\t\t\t\t\t\t\t\t<a href=\"https:\/\/bd-process.com\/de\/produkte\/gummischlauch-linacut-801\/\">\n\n\t\t\t\t\t\t\t\t\t\t\t\t<span class=\"elementor-icon-list-icon\">\n\t\t\t\t\t\t\t<i aria-hidden=\"true\" class=\"fas fa-chevron-right\"><\/i>\t\t\t\t\t\t<\/span>\n\t\t\t\t\t\t\t\t\t\t<span class=\"elementor-icon-list-text\">LinaCut Schl\u00e4uche<\/span>\n\t\t\t\t\t\t\t\t\t\t\t<\/a>\n\t\t\t\t\t\t\t\t\t<\/li>\n\t\t\t\t\t\t\t\t<li class=\"elementor-icon-list-item\">\n\t\t\t\t\t\t\t\t\t\t\t<a href=\"https:\/\/bd-process.com\/de\/produkte\/linearschwinger\/\">\n\n\t\t\t\t\t\t\t\t\t\t\t\t<span class=\"elementor-icon-list-icon\">\n\t\t\t\t\t\t\t<i aria-hidden=\"true\" class=\"fas fa-chevron-right\"><\/i>\t\t\t\t\t\t<\/span>\n\t\t\t\t\t\t\t\t\t\t<span class=\"elementor-icon-list-text\">Schwingentw\u00e4sserer<\/span>\n\t\t\t\t\t\t\t\t\t\t\t<\/a>\n\t\t\t\t\t\t\t\t\t<\/li>\n\t\t\t\t\t\t\t\t<li class=\"elementor-icon-list-item\">\n\t\t\t\t\t\t\t\t\t\t\t<span class=\"elementor-icon-list-icon\">\n\t\t\t\t\t\t\t<i aria-hidden=\"true\" class=\"fas fa-chevron-right\"><\/i>\t\t\t\t\t\t<\/span>\n\t\t\t\t\t\t\t\t\t\t<span class=\"elementor-icon-list-text\">Trommelsiebe<\/span>\n\t\t\t\t\t\t\t\t\t<\/li>\n\t\t\t\t\t\t\t\t<li class=\"elementor-icon-list-item\">\n\t\t\t\t\t\t\t\t\t\t\t<span class=\"elementor-icon-list-icon\">\n\t\t\t\t\t\t\t<i aria-hidden=\"true\" class=\"fas fa-chevron-right\"><\/i>\t\t\t\t\t\t<\/span>\n\t\t\t\t\t\t\t\t\t\t<span class=\"elementor-icon-list-text\">Bogensiebe<\/span>\n\t\t\t\t\t\t\t\t\t<\/li>\n\t\t\t\t\t\t\t\t<li class=\"elementor-icon-list-item\">\n\t\t\t\t\t\t\t\t\t\t\t<span class=\"elementor-icon-list-icon\">\n\t\t\t\t\t\t\t<i aria-hidden=\"true\" class=\"fas fa-chevron-right\"><\/i>\t\t\t\t\t\t<\/span>\n\t\t\t\t\t\t\t\t\t\t<span class=\"elementor-icon-list-text\">Wendelscheider<\/span>\n\t\t\t\t\t\t\t\t\t<\/li>\n\t\t\t\t\t\t\t\t<li class=\"elementor-icon-list-item\">\n\t\t\t\t\t\t\t\t\t\t\t<a href=\"https:\/\/bd-process.com\/de\/produkte\/setzmaschinen\/\">\n\n\t\t\t\t\t\t\t\t\t\t\t\t<span class=\"elementor-icon-list-icon\">\n\t\t\t\t\t\t\t<i aria-hidden=\"true\" class=\"fas fa-chevron-right\"><\/i>\t\t\t\t\t\t<\/span>\n\t\t\t\t\t\t\t\t\t\t<span class=\"elementor-icon-list-text\">Setzmaschinen<\/span>\n\t\t\t\t\t\t\t\t\t\t\t<\/a>\n\t\t\t\t\t\t\t\t\t<\/li>\n\t\t\t\t\t\t\t\t<li class=\"elementor-icon-list-item\">\n\t\t\t\t\t\t\t\t\t\t\t<span class=\"elementor-icon-list-icon\">\n\t\t\t\t\t\t\t<i aria-hidden=\"true\" class=\"fas fa-chevron-right\"><\/i>\t\t\t\t\t\t<\/span>\n\t\t\t\t\t\t\t\t\t\t<span class=\"elementor-icon-list-text\">Eindicker<\/span>\n\t\t\t\t\t\t\t\t\t<\/li>\n\t\t\t\t\t\t<\/ul>\n\t\t\t\t\t\t<\/div>\n\t\t\t\t<\/div>\n\t\t\t\t\t<\/div>\n\t\t\t\t<\/div>\n\t\t\t\t\t<\/div>\n\t\t\t\t<\/div>\n\t\t\t\t\t<\/div>\n\t\t\t\t<\/div>\n\t\t\t\t<\/div>\n\t\t","protected":false},"excerpt":{"rendered":"<p>B&amp;D liefert Ger\u00e4te und Anlagen f\u00fcr die nassmechanische Aufbereitung von kontaminierten B\u00f6den. Bodenwaschanlagen werden immer dann ben\u00f6tigt, wenn Erdreich, Baustellenabf\u00e4lle oder Baggergut mit Mineral\u00f6l, Schwermetallen, Asbest, PAK, Zyanid, Pestiziden, Chlorwasserstoffen oder weiteren Schadstoffen verunreinigt sind. Die kontaminierten Massen sollen nach der Reinigung entweder wieder eingebracht oder einer weiteren Verwendung bzw. Verwertung zugef\u00fchrt werden. Spezifikationen Das [&hellip;]<\/p>\n","protected":false},"author":1,"featured_media":0,"parent":1896,"menu_order":0,"comment_status":"closed","ping_status":"closed","template":"","meta":{"_acf_changed":false,"footnotes":""},"class_list":["post-834","page","type-page","status-publish","hentry"],"acf":[],"_links":{"self":[{"href":"https:\/\/bd-process.com\/de\/wp-json\/wp\/v2\/pages\/834","targetHints":{"allow":["GET"]}}],"collection":[{"href":"https:\/\/bd-process.com\/de\/wp-json\/wp\/v2\/pages"}],"about":[{"href":"https:\/\/bd-process.com\/de\/wp-json\/wp\/v2\/types\/page"}],"author":[{"embeddable":true,"href":"https:\/\/bd-process.com\/de\/wp-json\/wp\/v2\/users\/1"}],"replies":[{"embeddable":true,"href":"https:\/\/bd-process.com\/de\/wp-json\/wp\/v2\/comments?post=834"}],"version-history":[{"count":10,"href":"https:\/\/bd-process.com\/de\/wp-json\/wp\/v2\/pages\/834\/revisions"}],"predecessor-version":[{"id":1814,"href":"https:\/\/bd-process.com\/de\/wp-json\/wp\/v2\/pages\/834\/revisions\/1814"}],"up":[{"embeddable":true,"href":"https:\/\/bd-process.com\/de\/wp-json\/wp\/v2\/pages\/1896"}],"wp:attachment":[{"href":"https:\/\/bd-process.com\/de\/wp-json\/wp\/v2\/media?parent=834"}],"curies":[{"name":"wp","href":"https:\/\/api.w.org\/{rel}","templated":true}]}}